{"id":33876,"date":"2025-12-22T16:07:10","date_gmt":"2025-12-23T00:07:10","guid":{"rendered":"https:\/\/vazpeshop.com\/shipping-policy\/"},"modified":"2026-03-09T03:51:12","modified_gmt":"2026-03-09T11:51:12","slug":"shipping-policy","status":"publish","type":"page","link":"https:\/\/vazpeshop.com\/de\/shipping-policy\/","title":{"rendered":"Versandrichtlinie"},"content":{"rendered":"\n<div class=\"vazpe-main\">\n\t<div class=\"vazpe-container\">\n\t\t<div class=\"vazpe-page-header\">\n\t\t\t<h1 class=\"vazpe-title-xl\">Versandrichtlinie<\/h1>\n            <p class=\"vazpe-text\">Zuletzt aktualisiert: September 8, 2025<\/p>\n\t\t<\/div>\n\n\t\t<div class=\"vazpe-page-content\">\n\t\t\t<section class=\"vazpe-section\">\n\t\t\t\t<div class=\"vazpe-highlight-box\">\n\t\t\t\t\t<h3 class=\"vazpe-title-md\">Engagement f\u00fcr weltweiten Versand<\/h3>\n\t\t\t\t\t<p class=\"vazpe-text\">\n\t\t\t\t\t\tBei VAZPE wissen wir, dass eine p\u00fcnktliche und sichere Lieferung entscheidend f\u00fcr Ihr Dampferlebnis ist. Wir arbeiten mit vertrauensw\u00fcrdigen internationalen Versanddienstleistern zusammen, damit Ihre Produkte sicher und effizient bei Ihnen ankommen \u2013 egal, wo auf der Welt Sie sich befinden.\n\t\t\t\t\t<\/p>\n\t\t\t\t<\/div>\n\t\t\t<\/section>\n\n\t\t\t<section class=\"vazpe-section\">\n\t\t\t\t<h2 class=\"vazpe-title-lg\">Versandziele<\/h2>\n\t\t\t\t<p class=\"vazpe-text\">\n\t\t\t\t\tVAZPE versendet derzeit in ausgew\u00e4hlte L\u00e4nder weltweit. Unsere Versandziele werden regelm\u00e4\u00dfig aktualisiert, basierend auf internationalen Vorschriften, Zollanforderungen und lokalen Gesetzen zu Vaping-Produkten.\n\t\t\t\t<\/p>\n\n\t\t\t\t<div class=\"vazpe-grid vazpe-grid-2\">\n\t\t\t\t\t<div class=\"vazpe-card\">\n\t\t\t\t\t\t<h3 class=\"vazpe-title-md\">Unterst\u00fctzte Regionen<\/h3>\n\t\t\t\t\t\t<ul class=\"vazpe-content-list\">\n\t\t\t\t\t\t\t<li>Europ\u00e4ische Union (alle Mitgliedstaaten)<\/li>\n\t\t\t\t\t\t\t<li>Vereinigtes K\u00f6nigreich<\/li>\n\t\t\t\t\t\t\t<li>Schweiz und Norwegen<\/li>\n\t\t\t\t\t\t\t<li>Nordamerika (USA und Kanada)<\/li>\n\t\t\t\t\t\t\t<li>Australien und Neuseeland<\/li>\n\t\t\t\t\t\t\t<li>Ausgew\u00e4hlte L\u00e4nder in Asien und Lateinamerika<\/li>\n\t\t\t\t\t\t<\/ul>\n\t\t\t\t\t<\/div>\n\t\t\t\t\t<div class=\"vazpe-card\">\n\t\t\t\t\t\t<h3 class=\"vazpe-title-md\">Versandbeschr\u00e4nkungen<\/h3>\n\t\t\t\t\t\t<p class=\"vazpe-text\">\n\t\t\t\t\t\t\tAufgrund unterschiedlicher internationaler Vorschriften f\u00fcr Vaping-Produkte k\u00f6nnen wir nicht in alle L\u00e4nder versenden. Unser Checkout-System pr\u00fcft automatisch, ob Ihr Standort f\u00fcr die Lieferung berechtigt ist.\n\t\t\t\t\t\t<\/p>\n\t\t\t\t\t\t<p class=\"vazpe-text\">\n\t\t\t\t\t\t\t<strong>Hinweis:<\/strong> Die Versandverf\u00fcgbarkeit kann sich aufgrund sich weiterentwickelnder Vorschriften \u00e4ndern. Bitte pr\u00fcfen Sie w\u00e4hrend des Checkouts die aktuellsten Informationen.\n\t\t\t\t\t\t<\/p>\n\t\t\t\t\t<\/div>\n\t\t\t\t<\/div>\n\t\t\t<\/section>\n\n\t\t\t<section class=\"vazpe-section\">\n\t\t\t\t<h2 class=\"vazpe-title-lg\">Bearbeitungszeiten<\/h2>\n\t\t\t\t<p class=\"vazpe-text\">\n\t\t\t\t\tAlle Bestellungen werden innerhalb unserer angegebenen Bearbeitungszeitr\u00e4ume verarbeitet und f\u00fcr den Versand vorbereitet:\n\t\t\t\t<\/p>\n\n\t\t\t\t<div>\n\t\t\t\t\t<table class=\"vazpe-table\">\n\t\t\t\t\t\t<thead>\n\t\t\t\t\t\t\t<tr>\n\t\t\t\t\t\t\t\t<th>Bestelltyp<\/th>\n\t\t\t\t\t\t\t\t<th>Bearbeitungszeit<\/th>\n\t\t\t\t\t\t\t\t<th>Werktage<\/th>\n\t\t\t\t\t\t\t<\/tr>\n\t\t\t\t\t\t<\/thead>\n\t\t\t\t\t\t<tbody>\n\t\t\t\t\t\t\t<tr>\n\t\t\t\t\t\t\t\t<td>Standardprodukte<\/td>\n\t\t\t\t\t\t\t\t<td>1-2 Werktage<\/td>\n\t\t\t\t\t\t\t\t<td>Mo-Fr, ausgenommen Feiertage<\/td>\n\t\t\t\t\t\t\t<\/tr>\n\t\t\t\t\t\t\t<tr>\n\t\t\t\t\t\t\t\t<td>Kundenspezifische\/Personalisierte Artikel<\/td>\n\t\t\t\t\t\t\t\t<td>3-5 Werktage<\/td>\n\t\t\t\t\t\t\t\t<td>Mo-Fr, ausgenommen Feiertage<\/td>\n\t\t\t\t\t\t\t<\/tr>\n\t\t\t\t\t\t\t<tr>\n\t\t\t\t\t\t\t\t<td>Vorbestellartikel<\/td>\n\t\t\t\t\t\t\t\t<td>Wie pro Produkt angegeben<\/td>\n\t\t\t\t\t\t\t\t<td>Variiert je nach Verf\u00fcgbarkeit<\/td>\n\t\t\t\t\t\t\t<\/tr>\n\t\t\t\t\t\t\t<tr>\n\t\t\t\t\t\t\t\t<td>Wochenendbestellungen<\/td>\n\t\t\t\t\t\t\t\t<td>N\u00e4chster Werktag<\/td>\n\t\t\t\t\t\t\t\t<td>Bestellungen nach 2 PM am Freitag<\/td>\n\t\t\t\t\t\t\t<\/tr>\n\t\t\t\t\t\t<\/tbody>\n\t\t\t\t\t<\/table>\n\t\t\t\t<\/div>\n\n\t\t\t\t<div class=\"vazpe-warning-box\">\n\t\t\t\t\t<h3 class=\"vazpe-title-md\">Bearbeitung an Feiertagen<\/h3>\n\t\t\t\t\t<p class=\"vazpe-text\">\n\t\t\t\t\t\tW\u00e4hrend wichtiger Feiertage, Hochsaisonzeiten und Aktionszeitr\u00e4umen kann sich die Bearbeitungszeit verl\u00e4ngern. Wir informieren Kunden \u00fcber etwaige Verz\u00f6gerungen und stellen aktualisierte Lieferprognosen bereit.\n\t\t\t\t\t<\/p>\n\t\t\t\t<\/div>\n\t\t\t<\/section>\n\n\t\t\t<section class=\"vazpe-section\">\n\t\t\t\t<h2 class=\"vazpe-title-lg\">Versandmethoden &#038; Lieferzeiten<\/h2>\n\t\t\t\t<p class=\"vazpe-text\">\n\t\t\t\t\tWir bieten mehrere Versandoptionen an, um Ihre Lieferanforderungen und Ihr Budget zu erf\u00fcllen:\n\t\t\t\t<\/p>\n\n\t\t\t\t<h3 class=\"vazpe-title-md\">Versand innerhalb der Europ\u00e4ischen Union<\/h3>\n\t\t\t\t<div>\n\t\t\t\t\t<table class=\"vazpe-table\">\n\t\t\t\t\t\t<thead>\n\t\t\t\t\t\t\t<tr>\n\t\t\t\t\t\t\t\t<th>Service<\/th>\n\t\t\t\t\t\t\t\t<th>Lieferzeit<\/th>\n\t\t\t\t\t\t\t\t<th>Sendungsverfolgung<\/th>\n\t\t\t\t\t\t\t<\/tr>\n\t\t\t\t\t\t<\/thead>\n\t\t\t\t\t\t<tbody>\n\t\t\t\t\t\t\t<tr>\n\t\t\t\t\t\t\t\t<td>Standardversand<\/td>\n\t\t\t\t\t\t\t\t<td>5-8 Werktage<\/td>\n\t\t\t\t\t\t\t\t<td>Vollst\u00e4ndige Sendungsverfolgung<\/td>\n\t\t\t\t\t\t\t<\/tr>\n\t\t\t\t\t\t\t<tr>\n\t\t\t\t\t\t\t\t<td>Expressversand<\/td>\n\t\t\t\t\t\t\t\t<td>2-4 Werktage<\/td>\n\t\t\t\t\t\t\t\t<td>Sendungsverfolgung in Echtzeit<\/td>\n\t\t\t\t\t\t\t<\/tr>\n\t\t\t\t\t\t\t<tr>\n\t\t\t\t\t\t\t\t<td>Priority Express<\/td>\n\t\t\t\t\t\t\t\t<td>1-2 Werktage<\/td>\n\t\t\t\t\t\t\t\t<td>Sendungsverfolgung in Echtzeit<\/td>\n\t\t\t\t\t\t\t<\/tr>\n\t\t\t\t\t\t<\/tbody>\n\t\t\t\t\t<\/table>\n\t\t\t\t<\/div>\n\n\t\t\t\t<h3 class=\"vazpe-title-md\">Internationaler Versand<\/h3>\n\t\t\t\t<div>\n\t\t\t\t\t<table class=\"vazpe-table\">\n\t\t\t\t\t\t<thead>\n\t\t\t\t\t\t\t<tr>\n\t\t\t\t\t\t\t\t<th>Ziel<\/th>\n\t\t\t\t\t\t\t\t<th>Standard<\/th>\n\t\t\t\t\t\t\t\t<th>Express<\/th>\n\t\t\t\t\t\t\t\t<th>Zollabwicklung<\/th>\n\t\t\t\t\t\t\t<\/tr>\n\t\t\t\t\t\t<\/thead>\n\t\t\t\t\t\t<tbody>\n\t\t\t\t\t\t\t<tr>\n\t\t\t\t\t\t\t\t<td>Vereinigtes K\u00f6nigreich<\/td>\n\t\t\t\t\t\t\t\t<td>3-12 Werktage<\/td>\n\t\t\t\t\t\t\t\t<td>2-6 Werktage<\/td>\n\t\t\t\t\t\t\t\t<td>Inbegriffen<\/td>\n\t\t\t\t\t\t\t<\/tr>\n\t\t\t\t\t\t\t<tr>\n\t\t\t\t\t\t\t\t<td>Nordamerika<\/td>\n\t\t\t\t\t\t\t\t<td>3-12 Werktage<\/td>\n\t\t\t\t\t\t\t\t<td>2-6 Werktage<\/td>\n\t\t\t\t\t\t\t\t<td>Inbegriffen<\/td>\n\t\t\t\t\t\t\t<\/tr>\n\t\t\t\t\t\t\t<tr>\n\t\t\t\t\t\t\t\t<td>Australien\/Neuseeland<\/td>\n\t\t\t\t\t\t\t\t<td>3-12 Werktage<\/td>\n\t\t\t\t\t\t\t\t<td>2-6 Werktage<\/td>\n\t\t\t\t\t\t\t\t<td>Inbegriffen<\/td>\n\t\t\t\t\t\t\t<\/tr>\n\t\t\t\t\t\t\t<tr>\n\t\t\t\t\t\t\t\t<td>Asien (Ausgew\u00e4hlt)<\/td>\n\t\t\t\t\t\t\t\t<td>3-12 Werktage<\/td>\n\t\t\t\t\t\t\t\t<td>2-6 Werktage<\/td>\n\t\t\t\t\t\t\t\t<td>Inbegriffen<\/td>\n\t\t\t\t\t\t\t<\/tr>\n\t\t\t\t\t\t<\/tbody>\n\t\t\t\t\t<\/table>\n\t\t\t\t<\/div>\n\t\t\t<\/section>\n\n\t\t\t<section class=\"vazpe-section\">\n\t\t\t\t<h2 class=\"vazpe-title-lg\">Versandkosten<\/h2>\n\t\t\t\t<p class=\"vazpe-text\">\n\t\t\t\t\tDie Versandkosten werden anhand des Zielorts, des Paketgewichts, der Abmessungen und der ausgew\u00e4hlten Versandmethode berechnet. Alle Versandkosten werden w\u00e4hrend des Checkouts vor Abschluss der Zahlung angezeigt.\n\t\t\t\t<\/p>\n\n\t\t\t\t<div>\n\t\t\t\t\t<div class=\"vazpe-card\">\n\t\t\t\t\t\t<h3 class=\"vazpe-title-md\">Zus\u00e4tzliche Geb\u00fchren<\/h3>\n\t\t\t\t\t\t<ul class=\"vazpe-content-list\">\n\t\t\t\t\t\t\t<li>Zuschl\u00e4ge f\u00fcr abgelegene Gebiete k\u00f6nnen anfallen<\/li>\n\t\t\t\t\t\t\t<li>Zollgeb\u00fchren und Steuern (internationale Bestellungen)<\/li>\n\t\t\t\t\t\t\t<li>Geb\u00fchren f\u00fcr Adresskorrekturen bei falschen Adressen<\/li>\n\t\t\t\t\t\t\t<li>Geb\u00fchren f\u00fcr R\u00fccksendungen an den Absender bei verweigerten Paketen<\/li>\n\t\t\t\t\t\t<\/ul>\n\t\t\t\t\t<\/div>\n\t\t\t\t<\/div>\n\t\t\t<\/section>\n\n\t\t\t<section class=\"vazpe-section\">\n\t\t\t\t<h2 class=\"vazpe-title-lg\">Sendungsverfolgung<\/h2>\n\t\t\t\t<p class=\"vazpe-text\">\n\t\t\t\t\tAlle VAZPE-Sendungen beinhalten umfassende Tracking-Funktionen, damit Sie \u00fcber den Fortschritt Ihrer Bestellung informiert bleiben:\n\t\t\t\t<\/p>\n\n\t\t\t\t<div class=\"vazpe-grid vazpe-grid-3\">\n\t\t\t\t\t<div class=\"vazpe-card\">\n\t\t\t\t\t\t<h3 class=\"vazpe-title-md\">Bestellbest\u00e4tigung<\/h3>\n\t\t\t\t\t\t<p class=\"vazpe-text\">\n\t\t\t\t\t\t\tErhalten Sie umgehend eine Best\u00e4tigung mit Bestelldetails und der voraussichtlichen Bearbeitungszeit nach Abschluss des Kaufs.\n\t\t\t\t\t\t<\/p>\n\t\t\t\t\t<\/div>\n\t\t\t\t\t<div class=\"vazpe-card\">\n\t\t\t\t\t\t<h3 class=\"vazpe-title-md\">Versandbenachrichtigung<\/h3>\n\t\t\t\t\t\t<p class=\"vazpe-text\">\n\t\t\t\t\t\t\tErhalten Sie die Sendungsnummer und Informationen zum Versanddienstleister, sobald Ihr Paket unser Fulfillment-Center verl\u00e4sst.\n\t\t\t\t\t\t<\/p>\n\t\t\t\t\t<\/div>\n\t\t\t\t\t<div class=\"vazpe-card\">\n\t\t\t\t\t\t<h3 class=\"vazpe-title-md\">Lieferupdates<\/h3>\n\t\t\t\t\t\t<p class=\"vazpe-text\">\n\t\t\t\t\t\t\tErhalten Sie Updates in Echtzeit zum Paketstandort, zur Zollabfertigung und zum voraussichtlichen Lieferdatum.\n\t\t\t\t\t\t<\/p>\n\t\t\t\t\t<\/div>\n\t\t\t\t<\/div>\n\n\t\t\t\t<div class=\"vazpe-highlight-box\">\n\t\t\t\t\t<h3 class=\"vazpe-title-md\">Ihre Bestellung verfolgen<\/h3>\n\t\t\t\t\t<p class=\"vazpe-text\">\n\t\t\t\t\t\tNutzen Sie Ihre Sendungsnummer auf der Website des Versanddienstleisters oder auf unserer Seite zur Bestellverfolgung, um die aktuellsten Informationen zu erhalten. Wenn Sie Tracking-Probleme oder Verz\u00f6gerungen feststellen, steht Ihnen unser Kundenservice-Team zur Unterst\u00fctzung zur Verf\u00fcgung.\n\t\t\t\t\t<\/p>\n\t\t\t\t<\/div>\n\t\t\t<\/section>\n\n\t\t\t<section class=\"vazpe-section\">\n\t\t\t\t<h2 class=\"vazpe-title-lg\">Internationaler Zoll &#038; Abgaben<\/h2>\n\t\t\t\t<p class=\"vazpe-text\">\n\t\t\t\t\tBeim internationalen Versand kann Ihre Bestellung einer Zollkontrolle und zus\u00e4tzlichen Geb\u00fchren unterliegen:\n\t\t\t\t<\/p>\n\n\t\t\t\t<h3 class=\"vazpe-title-md\">Pflichten der Kunden<\/h3>\n\t\t\t\t<ul class=\"vazpe-content-list\">\n\t\t\t\t\t<li><strong>Zollabgaben:<\/strong> Alle anfallenden Einfuhrabgaben, Steuern oder Geb\u00fchren liegen in der Verantwortung des Kunden<\/li>\n\t\t\t\t\t<li><strong>Altersverifizierung:<\/strong> Einige L\u00e4nder verlangen bei der Lieferung eine Altersverifizierung<\/li>\n\t\t\t\t\t<li><strong>Produktbeschr\u00e4nkungen:<\/strong> Kunden m\u00fcssen sicherstellen, dass Vaping-Produkte in ihrem Zust\u00e4ndigkeitsbereich legal sind<\/li>\n\t\t\t\t\t<li><strong>Korrekte Angaben:<\/strong> Geben Sie korrekte und vollst\u00e4ndige Lieferadressen sowie Kontaktinformationen an<\/li>\n\t\t\t\t<\/ul>\n\n\t\t\t\t<h3 class=\"vazpe-title-md\">Die Rolle von VAZPE<\/h3>\n\t\t\t\t<ul class=\"vazpe-content-list\">\n\t\t\t\t\t<li>Ausf\u00fcllen korrekter Zollerkl\u00e4rungen f\u00fcr alle internationalen Sendungen<\/li>\n\t\t\t\t\t<li>Bereitstellung der erforderlichen Dokumentation f\u00fcr die Zollabfertigung<\/li>\n\t\t\t\t\t<li>Zusammenarbeit mit Zollbeh\u00f6rden zur Erleichterung einer reibungslosen Lieferung<\/li>\n\t\t\t\t\t<li>Einhaltung internationaler Versandvorschriften sicherstellen<\/li>\n\t\t\t\t<\/ul>\n\n\t\t\t\t<div class=\"vazpe-warning-box\">\n\t\t\t\t\t<h3 class=\"vazpe-title-md\">Zollverz\u00f6gerungen<\/h3>\n\t\t\t\t\t<p class=\"vazpe-text\">\n\t\t\t\t\t\tZollbearbeitungszeiten liegen au\u00dferhalb unserer Kontrolle und k\u00f6nnen zu Lieferverz\u00f6gerungen f\u00fchren. Wir danken Ihnen f\u00fcr Ihre Geduld w\u00e4hrend der Zollabfertigung und informieren Sie, sobald Updates verf\u00fcgbar sind, \u00fcber unser Tracking-System.\n\t\t\t\t\t<\/p>\n\t\t\t\t<\/div>\n\t\t\t<\/section>\n\n\t\t\t<section class=\"vazpe-section\">\n\t\t\t\t<h2 class=\"vazpe-title-lg\">Lieferanforderungen &#038; Altersverifizierung<\/h2>\n\t\t\t\t<p class=\"vazpe-text\">\n\t\t\t\t\tEine Verifizierung der Unterschrift eines Erwachsenen ist f\u00fcr alle Lieferungen von Vaping-Produkten verpflichtend. Die Anforderungen variieren je nach Zust\u00e4ndigkeitsbereich und werden strikt durchgesetzt, um lokale Vorschriften einzuhalten.\n\t\t\t\t<\/p>\n\n\t\t\t\t<div class=\"vazpe-grid vazpe-grid-2\">\n\t\t\t\t\t<div class=\"vazpe-card\">\n\t\t\t\t\t\t<h3 class=\"vazpe-title-md\">Anforderungen zur Altersverifizierung nach Land<\/h3>\n\t\t\t\t\t\t<ul class=\"vazpe-content-list\">\n\t\t\t\t\t\t\t<li><strong>United States:<\/strong> 21+ Unterschrift erforderlich (Bundesrecht)<\/li>\n\t\t\t\t\t\t\t<li><strong>Canada:<\/strong> 18+ (Alberta) oder 19+ (die meisten Provinzen)<\/li>\n\t\t\t\t\t\t\t<li><strong>European Union:<\/strong> 18+ Unterschrift mit g\u00fcltigem amtlichen Ausweis<\/li>\n\t\t\t\t\t\t\t<li><strong>United Kingdom:<\/strong> 18+ Unterschrift mit Ausweispr\u00fcfung<\/li>\n\t\t\t\t\t\t\t<li><strong>Australia:<\/strong> 18+ Unterschrift mit g\u00fcltigem amtlichen Ausweis<\/li>\n\t\t\t\t\t\t\t<li><strong>New Zealand:<\/strong> 18+ Unterschrift, Pr\u00fcfung der Standortkonformit\u00e4t<\/li>\n\t\t\t\t\t\t<\/ul>\n\t\t\t\t\t<\/div>\n\t\t\t\t\t<div class=\"vazpe-card\">\n\t\t\t\t\t\t<h3 class=\"vazpe-title-md\">Einschr\u00e4nkungen des Lieferorts<\/h3>\n\t\t\t\t\t\t<ul class=\"vazpe-content-list\">\n\t\t\t\t\t\t\t<li><strong>Schulen\/Universit\u00e4ten:<\/strong> Keine Lieferungen innerhalb festgelegter Entfernungen<\/li>\n\t\t\t\t\t\t\t<li><strong>Gesundheitseinrichtungen:<\/strong> K\u00f6nnen spezifische Einschr\u00e4nkungen haben<\/li>\n\t\t\t\t\t\t\t<li><strong>Regierungsgeb\u00e4ude:<\/strong> Lieferbeschr\u00e4nkungen k\u00f6nnen gelten<\/li>\n\t\t\t\t\t\t\t<li><strong>Regierungsgeb\u00e4ude:<\/strong> Lieferbeschr\u00e4nkungen k\u00f6nnen gelten<\/li>\n\t\t\t\t\t\t\t<li><strong>Gewerbegebiete:<\/strong> Einige Einschr\u00e4nkungen in Gesch\u00e4ftsvierteln<\/li>\n\t\t\t\t\t\t\t<li><strong>Abgelegene Orte:<\/strong> Zus\u00e4tzliche Liefergeb\u00fchren k\u00f6nnen anfallen<\/li>\n\t\t\t\t\t\t<\/ul>\n\t\t\t\t\t<\/div>\n\t\t\t\t<\/div>\n\n\t\t\t\t<div class=\"vazpe-warning-box\">\n\t\t\t\t\t<h3 class=\"vazpe-title-md\">Wichtige Lieferkonformit\u00e4t<\/h3>\n\t\t\t\t\t<p class=\"vazpe-text\">\n\t\t\t\t\t\t<strong>Unterschrift eines Erwachsenen immer erforderlich:<\/strong> Alle Lieferungen von Vaping-Produkten erfordern eine Verifizierung der Unterschrift eines Erwachsenen. Keine Ausnahmen.<br>\n\t\t\t\t\t\t<strong>Ausweispr\u00fcfung:<\/strong> Bei der Lieferung muss ein g\u00fcltiger amtlicher Lichtbildausweis vorgelegt werden.<br>\n\t\t\t\t\t\t<strong>Keine Zustellung an Dritte:<\/strong> Pakete d\u00fcrfen nicht von Minderj\u00e4hrigen angenommen oder unbeaufsichtigt abgelegt werden.<br>\n\t\t\t\t\t\t<strong>Standortbeschr\u00e4nkungen:<\/strong> Einige Adressen k\u00f6nnen aufgrund der N\u00e4he zu Schulen oder bestimmter lokaler Vorschriften nicht zul\u00e4ssig sein.\n\t\t\t\t\t<\/p>\n\t\t\t\t<\/div>\n\t\t\t<\/section>\n\n\t\t\t<section class=\"vazpe-section\">\n\t\t\t\t<h2 class=\"vazpe-title-lg\">Lieferprobleme<\/h2>\n\t\t\t\t<p class=\"vazpe-text\">\n\t\t\t\t\tWir arbeiten sorgf\u00e4ltig daran, reibungslose Lieferungen sicherzustellen, aber gelegentlich k\u00f6nnen Probleme auftreten:\n\t\t\t\t<\/p>\n\n\t\t\t\t<h3 class=\"vazpe-title-md\">H\u00e4ufige Lieferprobleme<\/h3>\n\t\t\t\t<div class=\"vazpe-grid vazpe-grid-2\">\n\t\t\t\t\t<div class=\"vazpe-card\">\n\t\t\t\t\t\t<h4 class=\"vazpe-title-md\">Fehlgeschlagene Zustellversuche<\/h4>\n\t\t\t\t\t\t<ul class=\"vazpe-content-list\">\n\t\t\t\t\t\t\t<li>Der Versanddienstleister unternimmt mehrere Zustellversuche<\/li>\n\t\t\t\t\t\t\t<li>Zustellbenachrichtigungen mit Informationen zum n\u00e4chsten Versuch werden hinterlassen<\/li>\n\t\t\t\t\t\t\t<li>Paket wird zur Abholung in einer lokalen Station hinterlegt<\/li>\n\t\t\t\t\t\t\t<li>Alternative Zustellvereinbarungen verf\u00fcgbar<\/li>\n\t\t\t\t\t\t<\/ul>\n\t\t\t\t\t<\/div>\n\t\t\t\t\t<div class=\"vazpe-card\">\n\t\t\t\t\t\t<h4 class=\"vazpe-title-md\">Falsche Adresse<\/h4>\n\t\t\t\t\t\t<ul class=\"vazpe-content-list\">\n\t\t\t\t\t\t\t<li>Geb\u00fchren f\u00fcr Adresskorrekturen k\u00f6nnen anfallen<\/li>\n\t\t\t\t\t\t\t<li>Lieferverz\u00f6gerungen w\u00e4hrend der Korrektur der Angaben<\/li>\n\t\t\t\t\t\t\t<li>R\u00fccksendung an den Absender bei unzustellbaren Adressen<\/li>\n\t\t\t\t\t\t\t<li>Verantwortung des Kunden, korrekte Angaben bereitzustellen<\/li>\n\t\t\t\t\t\t<\/ul>\n\t\t\t\t\t<\/div>\n\t\t\t\t<\/div>\n\n\t\t\t\t<h3 class=\"vazpe-title-md\">Verlorene oder besch\u00e4digte Pakete<\/h3>\n\t\t\t\t<p class=\"vazpe-text\">\n\t\t\t\t\tIm seltenen Fall eines verlorenen oder besch\u00e4digten Pakets:\n\t\t\t\t<\/p>\n\t\t\t\t<ul class=\"vazpe-content-list\">\n\t\t\t\t\t<li>Kontaktieren Sie umgehend unser Kundenservice-Team<\/li>\n\t\t\t\t\t<li>Geben Sie die Bestellnummer und Tracking-Informationen an<\/li>\n\t\t\t\t\t<li>Wir werden mit dem Versanddienstleister Nachforschungen anstellen<\/li>\n\t\t\t\t\t<li>Ersatz oder R\u00fcckerstattung wird nach Abschluss der Untersuchung bearbeitet<\/li>\n\t\t\t\t\t<li>Alle Pakete beinhalten Versicherungsschutz<\/li>\n\t\t\t\t<\/ul>\n\t\t\t<\/section>\n\n\t\t\t<section class=\"vazpe-section\">\n\t\t\t\t<h2 class=\"vazpe-title-lg\">Verpackung &#038; Diskretion<\/h2>\n\t\t\t\t<p class=\"vazpe-text\">\n\t\t\t\t\tVAZPE verpflichtet sich, Ihre Privatsph\u00e4re zu sch\u00fctzen und sicherzustellen, dass Produkte sicher ankommen:\n\t\t\t\t<\/p>\n\n\t\t\t\t<div class=\"vazpe-grid vazpe-grid-2\">\n\t\t\t\t\t<div class=\"vazpe-card\">\n\t\t\t\t\t\t<h3 class=\"vazpe-title-md\">Sichere Verpackung<\/h3>\n\t\t\t\t\t\t<ul class=\"vazpe-content-list\">\n\t\t\t\t\t\t\t<li>Produkte werden in Schutzmaterialien verpackt<\/li>\n\t\t\t\t\t\t\t<li>Empfindliche Artikel erhalten zus\u00e4tzliche Polsterung<\/li>\n\t\t\t\t\t\t\t<li>Manipulationssichere Sicherheitsmerkmale<\/li>\n\t\t\t\t\t\t\t<li>Witterungsbest\u00e4ndige Verpackungsmaterialien<\/li>\n\t\t\t\t\t\t<\/ul>\n\t\t\t\t\t<\/div>\n\t\t\t\t\t<div class=\"vazpe-card\">\n\t\t\t\t\t\t<h3 class=\"vazpe-title-md\">Diskreter Versand<\/h3>\n\t\t\t\t\t\t<ul class=\"vazpe-content-list\">\n\t\t\t\t\t\t\t<li>Schlichte, unmarkierte Versandkartons<\/li>\n\t\t\t\t\t\t\t<li>Keine externe Markenkennzeichnung oder Produktidentifikation<\/li>\n\t\t\t\t\t\t\t<li>Die R\u00fccksendeadresse zeigt nur den Firmennamen<\/li>\n\t\t\t\t\t\t\t<li>Datenschutzorientierte Kennzeichnungspraktiken<\/li>\n\t\t\t\t\t\t<\/ul>\n\t\t\t\t\t<\/div>\n\t\t\t\t<\/div>\n\t\t\t<\/section>\n\n\t\t\t<section class=\"vazpe-section\">\n\t\t\t\t<h2 class=\"vazpe-title-lg\">Versand-Support kontaktieren<\/h2>\n\t\t\t\t<div class=\"vazpe-highlight-box\">\n\t\t\t\t\t<h3 class=\"vazpe-title-md\">Ben\u00f6tigen Sie Unterst\u00fctzung beim Versand?<\/h3>\n\t\t\t\t\t<p class=\"vazpe-text\">\n\t\t\t\t\t\tUnser Versand-Support-Team hilft Ihnen bei Tracking-Problemen, Lieferproblemen, Adress\u00e4nderungen und allen anderen versandbezogenen Fragen.\n\t\t\t\t\t<\/p>\n\t\t\t\t\t<div class=\"vazpe-contact-info\">\n\t\t\t\t\t\t<div class=\"vazpe-contact-item\">\n\t\t\t\t\t\t\t<span class=\"vazpe-contact-label\">E-Mail:<\/span>\n\t\t\t\t\t\t\t<span class=\"vazpe-contact-value\"><a href=\"mailto:support@vazpe.com\">support@vazpe.com<\/a><\/span>\n\t\t\t\t\t\t<\/div>\n\t\t\t\t\t\t<div class=\"vazpe-contact-item\">\n\t\t\t\t\t\t\t<span class=\"vazpe-contact-label\">Betreff:<\/span>\n\t\t\t\t\t\t\t<span class=\"vazpe-contact-value\">&#8222;Versandanfrage \u2013 [Order Number]&#8220;<\/span>\n\t\t\t\t\t\t<\/div>\n\t\t\t\t\t\t<div class=\"vazpe-contact-item\">\n\t\t\t\t\t\t\t<span class=\"vazpe-contact-label\">Beif\u00fcgen:<\/span>\n\t\t\t\t\t\t\t<span class=\"vazpe-contact-value\">Bestellnummer, Sendungsnummer und detaillierte Beschreibung des Problems<\/span>\n\t\t\t\t\t\t<\/div>\n\t\t\t\t\t<\/div>\n\t\t\t\t<\/div>\n\t\t\t<\/section>\n\n\t\t\t<section class=\"vazpe-section\">\n\t\t\t\t<h2 class=\"vazpe-title-lg\">Richtlinienaktualisierungen<\/h2>\n\t\t\t\t<p class=\"vazpe-text\">\n\t\t\t\t\tDiese Versandrichtlinie kann sich aufgrund von Aktualisierungen der Versanddienstleister, internationaler Vorschriften und operativer Verbesserungen \u00e4ndern. Kunden werden \u00fcber wesentliche \u00c4nderungen informiert, die ihre Bestellungen betreffen.\n\t\t\t\t<\/p>\n\t\t\t\t\n\t\t\t\t<div class=\"vazpe-highlight-box\">\n\t\t\t\t\t<h3 class=\"vazpe-title-md\">Fragen zum Versand?<\/h3>\n\t\t\t\t\t<p class=\"vazpe-text\">\n\t\t\t\t\t\tBei konkreten Fragen zum Versand an Ihren Standort, zu Lieferzeitr\u00e4umen oder zu besonderen Versandanforderungen kontaktieren Sie bitte unser Kundenservice-Team, bevor Sie Ihre Bestellung aufgeben.\n\t\t\t\t\t<\/p>\n\t\t\t\t\t<p class=\"vazpe-text vazpe-text-center\">\n\t\t\t\t\t\t<a href=\"https:\/\/vazpeshop.com\/de\/contact-us\/\" class=\"vazpe-btn\">Support kontaktieren<\/a>\n\t\t\t\t\t<\/p>\n\t\t\t\t<\/div>\n\t\t\t<\/section>\n\t\t<\/div>\n\t<\/div>\n<\/div>\n","protected":false},"excerpt":{"rendered":"<p>Versandrichtlinie Zuletzt aktualisiert: September 8, 2025 Engagement f\u00fcr weltweiten Versand Bei VAZPE wissen wir, dass eine p\u00fcnktliche und sichere Lieferung<\/p>\n","protected":false},"author":1,"featured_media":0,"parent":0,"menu_order":0,"comment_status":"closed","ping_status":"closed","template":"","meta":{"footnotes":""},"class_list":["post-33876","page","type-page","status-publish","hentry"],"jetpack_sharing_enabled":true,"_links":{"self":[{"href":"https:\/\/vazpeshop.com\/de\/wp-json\/wp\/v2\/pages\/33876","targetHints":{"allow":["GET"]}}],"collection":[{"href":"https:\/\/vazpeshop.com\/de\/wp-json\/wp\/v2\/pages"}],"about":[{"href":"https:\/\/vazpeshop.com\/de\/wp-json\/wp\/v2\/types\/page"}],"author":[{"embeddable":true,"href":"https:\/\/vazpeshop.com\/de\/wp-json\/wp\/v2\/users\/1"}],"replies":[{"embeddable":true,"href":"https:\/\/vazpeshop.com\/de\/wp-json\/wp\/v2\/comments?post=33876"}],"version-history":[{"count":3,"href":"https:\/\/vazpeshop.com\/de\/wp-json\/wp\/v2\/pages\/33876\/revisions"}],"predecessor-version":[{"id":38246,"href":"https:\/\/vazpeshop.com\/de\/wp-json\/wp\/v2\/pages\/33876\/revisions\/38246"}],"wp:attachment":[{"href":"https:\/\/vazpeshop.com\/de\/wp-json\/wp\/v2\/media?parent=33876"}],"curies":[{"name":"wp","href":"https:\/\/api.w.org\/{rel}","templated":true}]}}