{"id":34410,"date":"2025-12-27T17:24:14","date_gmt":"2025-12-28T01:24:14","guid":{"rendered":"https:\/\/vazpeshop.com\/products\/vazpe-ultra-40000-puffs-disposable-vape-blue-razz-pineapple-and-triple-mango\/"},"modified":"2026-03-09T03:25:45","modified_gmt":"2026-03-09T11:25:45","slug":"vazpe-ultra-40000-puffs-disposable-vape-blue-razz-pineapple-and-triple-mango","status":"publish","type":"product","link":"https:\/\/vazpeshop.com\/de\/products\/vazpe-ultra-40000-puffs-disposable-vape-blue-razz-pineapple-and-triple-mango\/","title":{"rendered":"VAZPE Ultra Einweg-Vape mit 40000 Z\u00fcgen \u2013 Dual-Flavor-System mit Smart-LED-Display"},"content":{"rendered":"<div class=\"vazpe-stats-v2\">\n<div class=\"vazpe-stat-card-v2\"><span class=\"vazpe-stat-number-v2\">40K<\/span><span class=\"vazpe-stat-label-v2\">Erweiterte Z\u00fcge<\/span><\/div>\n<div class=\"vazpe-stat-card-v2\"><span class=\"vazpe-stat-number-v2\">36ml<\/span><span class=\"vazpe-stat-label-v2\">Liquid-Kapazit\u00e4t<\/span><\/div>\n<div class=\"vazpe-stat-card-v2\"><span class=\"vazpe-stat-number-v2\">850mAh<\/span><span class=\"vazpe-stat-label-v2\">Akkuleistung<\/span><\/div>\n<div class=\"vazpe-stat-card-v2\"><span class=\"vazpe-stat-number-v2\">10+<\/span><span class=\"vazpe-stat-label-v2\">Doppelte Aromen<\/span><\/div>\n<\/div>\n<div class=\"vazpe-container-v2\">\n<div class=\"vazpe-content-section-v2\">\n<p class=\"vazpe-description-v2\"><strong>VAZPE Ultra 40K<\/strong> bietet au\u00dfergew\u00f6hnliche Leistung mit <strong>40.000 Z\u00fcgen<\/strong>, <strong>doppelten Aromaf\u00e4chern<\/strong> und fortschrittlicher <strong>Vier-Mesh-Coil-Technologie<\/strong>. Erleben Sie die ultimative Individualisierung mit einstellbaren Leistungsstufen und Status\u00fcberwachung in Echtzeit f\u00fcr ein unvergleichliches pers\u00f6nliches Dampferlebnis.<\/p>\n<\/div>\n<h2 class=\"vazpe-section-title-v2\">Technische Spezifikationen<\/h2>\n<table class=\"vazpe-tech-table-v2\">\n<tbody>\n<tr>\n<th>Produktname<\/th>\n<td>VAZPE Ultra 40K<\/td>\n<\/tr>\n<tr>\n<th>Gesamtanzahl Z\u00fcge<\/th>\n<td>40.000 Z\u00fcge<\/td>\n<\/tr>\n<tr>\n<th>Liquid-Kapazit\u00e4t<\/th>\n<td>36ml (Doppelf\u00e4cher)<\/td>\n<\/tr>\n<tr>\n<th>Nikotin-St\u00e4rke<\/th>\n<td>2% (Wenn Sie andere Optionen ben\u00f6tigen, kontaktieren Sie bitte uns)<\/td>\n<\/tr>\n<tr>\n<th>Akkukapazit\u00e4t<\/th>\n<td>850mAh Wiederaufladbar<\/td>\n<\/tr>\n<tr>\n<th>Ladeanschluss<\/th>\n<td>Type-C<\/td>\n<\/tr>\n<tr>\n<th>Coil-Technologie<\/th>\n<td>Vier Mesh-Coils<\/td>\n<\/tr>\n<tr>\n<th>Leistungsregelung<\/th>\n<td>Einstellbare Leistungsstufen<\/td>\n<\/tr>\n<tr>\n<th>Anzeigesystem<\/th>\n<td>Gro\u00dfes dynamisches Display mit dualer \u00d6l- &amp; Akkuanzeige<\/td>\n<\/tr>\n<tr>\n<th>Sicherheitsfunktionen<\/th>\n<td>Kindersicherung<\/td>\n<\/tr>\n<tr>\n<th>Zugmodi<\/th>\n<td>Einzel- &amp; Doppelzugmodi<\/td>\n<\/tr>\n<tr>\n<th>Oberfl\u00e4chenfinish<\/th>\n<td>UV-Druck mit Aromawechsel<\/td>\n<\/tr>\n<tr>\n<th>Batteriemodell<\/th>\n<td>16350<\/td>\n<\/tr>\n<\/tbody>\n<\/table>\n<h2 class=\"vazpe-section-title-v2\">Warum Nutzer Ultra 40K w\u00e4hlen<\/h2>\n<div class=\"vazpe-feature-grid-v2\">\n<div class=\"vazpe-feature-v2\">\n<h3 class=\"vazpe-feature-title-v2\">Ultimative Leistung<\/h3>\n<p class=\"vazpe-feature-text-v2\">40.000 Z\u00fcge erm\u00f6glichen eine verl\u00e4ngerte Nutzung bei zuverl\u00e4ssiger Leistung und sind ideal f\u00fcr Nutzer, die ein langlebiges pers\u00f6nliches Dampferlebnis suchen.<\/p>\n<\/div>\n<div class=\"vazpe-feature-v2\">\n<h3 class=\"vazpe-feature-title-v2\">Duales Aromaerlebnis<\/h3>\n<p class=\"vazpe-feature-text-v2\">Zwei separate Aromaf\u00e4cher erm\u00f6glichen es Nutzern, verschiedene Aromen gleichzeitig zu genie\u00dfen oder f\u00fcr Abwechslung zwischen ihnen zu wechseln.<\/p>\n<\/div>\n<div class=\"vazpe-feature-v2\">\n<h3 class=\"vazpe-feature-title-v2\">Fortschrittliche Mesh-Technologie<\/h3>\n<p class=\"vazpe-feature-text-v2\">Vier Mesh-Coils sorgen f\u00fcr eine sanfte, gleichm\u00e4\u00dfige Aromafreisetzung und optimale Dampfproduktion \u00fcber die gesamte Lebensdauer des Ger\u00e4ts.<\/p>\n<\/div>\n<div class=\"vazpe-feature-v2\">\n<h3 class=\"vazpe-feature-title-v2\">Intelligentes Monitoring<\/h3>\n<p class=\"vazpe-feature-text-v2\">Das gro\u00dfe dynamische Display mit dualer \u00d6l- und Akkuanzeige liefert Status-Updates in Echtzeit f\u00fcr beide Aromaf\u00e4cher.<\/p>\n<\/div>\n<\/div>\n<h2 class=\"vazpe-section-title-v2\">Premium-Dual-Aromaauswahl<\/h2>\n<div class=\"vazpe-flavors-v2\">\n<div class=\"vazpe-flavor-grid-v2\">\n<div class=\"vazpe-flavor-item-v2\">Erdbeere Wassermelone \u21c4 Kiwi Passionsfrucht Guave<\/div>\n<div class=\"vazpe-flavor-item-v2\">Blaubeere Himbeere \u21c4 Pfirsich Mango Wassermelone<\/div>\n<div class=\"vazpe-flavor-item-v2\">Blue Razz Gummib\u00e4r \u21c4 Erdbeere Kiwi<\/div>\n<div class=\"vazpe-flavor-item-v2\">Blue Razz Kirsche \u21c4 Erdbeere Himbeere<\/div>\n<div class=\"vazpe-flavor-item-v2\">Fizzy Lemon &#038; Lime \u21c4 Watermelon Fresh Mint<\/div>\n<div class=\"vazpe-flavor-item-v2\">Wassermelone Ice \u21c4 Blue Razz Ice<\/div>\n<div class=\"vazpe-flavor-item-v2\">Blue Razz Ananas \u21c4 Triple Mango<\/div>\n<div class=\"vazpe-flavor-item-v2\">Traube Beeren-Explosion \u21c4 Birne Apfel Himbeere<\/div>\n<div class=\"vazpe-flavor-item-v2\">Erdbeere Cranberry Kirsche \u21c4 Ananas Passionsfrucht Lime<\/div>\n<div class=\"vazpe-flavor-item-v2\">Blaubeere Erdbeere Menthol \u21c4 Blaubeere Himbeere Menthol<\/div>\n<\/div>\n<\/div>\n<h2 class=\"vazpe-section-title-v2\">Vorteile bei der Nutzung<\/h2>\n<div class=\"vazpe-content-section-v2\">\n<ul class=\"vazpe-benefits-list-v2\">\n<li><strong>Verl\u00e4ngerte Leistung<\/strong> \u2013 40.000 Z\u00fcge erm\u00f6glichen eine langanhaltende Nutzung ohne h\u00e4ufige Ger\u00e4tewechsel<\/li>\n<li><strong>Duales Aromaerlebnis<\/strong> \u2013 Zwei separate F\u00e4cher erm\u00f6glichen Aromavielfalt und Wechseloptionen<\/li>\n<li><strong>Fortschrittliche Technologie<\/strong> \u2013 Vier Mesh-Coils sorgen f\u00fcr eine gleichm\u00e4\u00dfige Aromafreisetzung und optimale Dampfproduktion<\/li>\n<li><strong>Smartes Monitoring<\/strong> \u2013 Das gro\u00dfe dynamische Display liefert Status in Echtzeit f\u00fcr beide Aromaf\u00e4cher<\/li>\n<li><strong>Individuell anpassbares Erlebnis<\/strong> \u2013 Einstellbare Leistungsstufen und Einzel- sowie Doppelzugmodi f\u00fcr personalisierte Nutzung<\/li>\n<li><strong>Erh\u00f6hte Sicherheit<\/strong> \u2013 Kindersicherung verhindert versehentliche Aktivierung f\u00fcr ein beruhigendes Gef\u00fchl<\/li>\n<\/ul>\n<\/div>\n<h2 class=\"vazpe-section-title-v2\">Produktgalerie<\/h2>\n<div style=\"text-align: center;\"><img decoding=\"async\" class=\"aligncenter size-full wp-image-7373\" src=\"https:\/\/vazpe.com\/wp-content\/uploads\/2025\/10\/Vazpe-Ultra-40K-Puffs-All-Flvor-Des3.jpg\" alt=\"Vazpe Ultra 40K Puffs All Flvor Des3\" width=\"1920\" height=\"1080\" \/><\/div>\n<h2 class=\"vazpe-section-title-v2\">Was Nutzer sagen<\/h2>\n<div class=\"vazpe-review-grid-v2\">\n<div class=\"vazpe-review-v2\">\n<div class=\"vazpe-review-stars-v2\">\u2605\u2605\u2605\u2605\u2605<\/div>\n<div class=\"vazpe-review-text-v2\">&#8222;Das Dual-Aroma-System ist revolution\u00e4r \u2013 ich kann den ganzen Tag zwischen fruchtigen und minzigen Aromen wechseln. Die 40.000 Z\u00fcge bedeuten, dass mir dieses Ger\u00e4t wochenlang reicht.&#8220;<\/div>\n<div class=\"vazpe-review-author-v2\">\u2013 Michael B., Verifizierter K\u00e4ufer<\/div>\n<\/div>\n<div class=\"vazpe-review-v2\">\n<div class=\"vazpe-review-stars-v2\">\u2605\u2605\u2605\u2605\u2605<\/div>\n<div class=\"vazpe-review-text-v2\">&#8222;Ich liebe das gro\u00dfe Display, das beide Aromast\u00e4nde zeigt. Die einstellbare Leistung l\u00e4sst mich die Intensit\u00e4t perfekt anpassen. Die Verarbeitungsqualit\u00e4t wirkt hochwertig und langlebig.&#8220;<\/div>\n<div class=\"vazpe-review-author-v2\">\u2013 Jennifer L., Verifizierter K\u00e4ufer<\/div>\n<\/div>\n<div class=\"vazpe-review-v2\">\n<div class=\"vazpe-review-stars-v2\">\u2605\u2605\u2605\u2605\u2605<\/div>\n<div class=\"vazpe-review-text-v2\">&#8222;Unglaubliche Akkulaufzeit \u2013 die 850mAh halten auch bei intensiver Nutzung durch. Die vier Mesh-Coils liefern so einen sanften Dampf. Perfekt f\u00fcr jemanden, der Abwechslung m\u00f6chte, ohne mehrere Ger\u00e4te.&#8220;<\/div>\n<div class=\"vazpe-review-author-v2\">\u2013 Robert C., Verifizierter K\u00e4ufer<\/div>\n<\/div>\n<\/div>\n<div class=\"vazpe-disclaimer-v2\"><strong>Wichtiger Hinweis:<\/strong> Dieses Produkt ist nur f\u00fcr den Gebrauch durch Erwachsene bestimmt. Kein Verkauf an Minderj\u00e4hrige. Au\u00dfer Reichweite von Kindern und Haustieren aufbewahren. Nur f\u00fcr Erwachsene gem\u00e4\u00df den lokalen Vorschriften. Bei der Lieferung ist die Unterschrift eines Erwachsenen erforderlich.<\/div>\n<\/div>\n","protected":false},"excerpt":{"rendered":"<p>40KErweiterte Z\u00fcge 36mlLiquid-Kapazit\u00e4t 850mAhAkkuleistung 10+Doppelte Aromen VAZPE Ultra 40K bietet au\u00dfergew\u00f6hnliche Leistung mit 40.000 Z\u00fcgen, doppelten Aromaf\u00e4chern und fortschrittlicher Vier-Mesh-Coil-Technologie.<\/p>\n","protected":false},"featured_media":33175,"comment_status":"open","ping_status":"closed","template":"","meta":[],"product_brand":[907],"product_cat":[575,388],"product_tag":[576,577,578,579,393],"class_list":{"0":"post-34410","1":"product","2":"type-product","3":"status-publish","4":"has-post-thumbnail","6":"product_brand-vazpe-de-200","7":"product_cat-ultra-40k","8":"product_cat-vazpe","9":"product_tag-40k","10":"product_tag-40k-puffs","11":"product_tag-ultra","12":"product_tag-ultra-40k","13":"product_tag-vazpe","15":"first","16":"instock","17":"sale","18":"shipping-taxable","19":"product-type-grouped"},"jetpack_sharing_enabled":true,"_links":{"self":[{"href":"https:\/\/vazpeshop.com\/de\/wp-json\/wp\/v2\/product\/34410","targetHints":{"allow":["GET"]}}],"collection":[{"href":"https:\/\/vazpeshop.com\/de\/wp-json\/wp\/v2\/product"}],"about":[{"href":"https:\/\/vazpeshop.com\/de\/wp-json\/wp\/v2\/types\/product"}],"replies":[{"embeddable":true,"href":"https:\/\/vazpeshop.com\/de\/wp-json\/wp\/v2\/comments?post=34410"}],"version-history":[{"count":3,"href":"https:\/\/vazpeshop.com\/de\/wp-json\/wp\/v2\/product\/34410\/revisions"}],"predecessor-version":[{"id":38190,"href":"https:\/\/vazpeshop.com\/de\/wp-json\/wp\/v2\/product\/34410\/revisions\/38190"}],"wp:featuredmedia":[{"embeddable":true,"href":"https:\/\/vazpeshop.com\/de\/wp-json\/wp\/v2\/media\/33175"}],"wp:attachment":[{"href":"https:\/\/vazpeshop.com\/de\/wp-json\/wp\/v2\/media?parent=34410"}],"wp:term":[{"taxonomy":"product_brand","embeddable":true,"href":"https:\/\/vazpeshop.com\/de\/wp-json\/wp\/v2\/product_brand?post=34410"},{"taxonomy":"product_cat","embeddable":true,"href":"https:\/\/vazpeshop.com\/de\/wp-json\/wp\/v2\/product_cat?post=34410"},{"taxonomy":"product_tag","embeddable":true,"href":"https:\/\/vazpeshop.com\/de\/wp-json\/wp\/v2\/product_tag?post=34410"}],"curies":[{"name":"wp","href":"https:\/\/api.w.org\/{rel}","templated":true}]}}