{"id":33909,"date":"2025-12-22T15:57:43","date_gmt":"2025-12-22T23:57:43","guid":{"rendered":"https:\/\/vazpeshop.com\/contact-us\/"},"modified":"2026-03-09T08:34:10","modified_gmt":"2026-03-09T16:34:10","slug":"contact-us","status":"publish","type":"page","link":"https:\/\/vazpeshop.com\/es\/contact-us\/","title":{"rendered":"Cont\u00e1ctanos"},"content":{"rendered":"\n<div class=\"vazpe-main\">\n    <div class=\"vazpe-container\">\n        <div class=\"vazpe-page-header\">\n            <h1 class=\"vazpe-title-xl\">Contacta con VAZPE<\/h1>\n            <p class=\"vazpe-text\">Estamos aqu\u00ed para ayudarte con tus preguntas, inquietudes y comentarios<\/p>\n        <\/div>\n\n        <div class=\"vazpe-page-content\">\n            <section class=\"vazpe-section\">\n                    <div>\n                        <h2 class=\"vazpe-title-lg\">Atenci\u00f3n al cliente<\/h2>\n                        <p class=\"vazpe-text\">\n                            Nuestro equipo de soporte est\u00e1 disponible para ayudarte con preguntas sobre productos, problemas t\u00e9cnicos, consultas de pedidos y necesidades generales de soporte. Ofrecemos asistencia directa y especializada por parte de miembros experimentados del equipo que conocen nuestros productos y la industria del vapeo.\n                        <\/p>\n                        <p class=\"vazpe-text\">\n                            Por lo general respondemos a las consultas en un plazo de 24 horas durante los d\u00edas laborables. Para asuntos urgentes, incluye \u00abURGENT\u00bb en el asunto para una atenci\u00f3n prioritaria.\n                        <\/p>\n                    <\/div>\n\t\t\t\t\t<div class=\"vazpe-highlight-box\">\n\t\t\t\t\t\t<h3 class=\"vazpe-title-md\">Informaci\u00f3n de contacto<\/h3>\n\t\t\t\t\t\t<div class=\"vazpe-contact-info\">\n\t\t\t\t\t\t\t<div class=\"vazpe-contact-item\">\n\t\t\t\t\t\t\t\t<span class=\"vazpe-contact-label\">Correo electr\u00f3nico:<\/span>\n\t\t\t\t\t\t\t\t<span class=\"vazpe-contact-value\">\n\t\t\t\t\t\t\t\t\t<a href=\"mailto:support@vazpe.com\">support@vazpe.com<\/a>\n\t\t\t\t\t\t\t\t<\/span>\n\t\t\t\t\t\t\t<\/div>\n\t\t\t\t\t\t\t<div class=\"vazpe-contact-item\">\n\t\t\t\t\t\t\t\t<span class=\"vazpe-contact-label\">Sitio web:<\/span>\n\t\t\t\t\t\t\t\t<span class=\"vazpe-contact-value\"><a href=\"https:\/\/vazpe.com\" target=\"_blank\" rel=\"noopener\">www.vazpe.com<\/a><\/span>\n\t\t\t\t\t\t\t<\/div>\n\t\t\t\t\t\t\t<div class=\"vazpe-contact-item\">\n\t\t\t\t\t\t\t\t<span class=\"vazpe-contact-label\">Direcci\u00f3n de la oficina:<\/span>\n\t\t\t\t\t\t\t\t<span class=\"vazpe-contact-value\">\n\t\t\t\t\t\t\t\t\tWohn Und Gesch\u00e4ftshaus<br>\n\t\t\t\t\t\t\t\t\tFriedrichstra\u00dfe 22<br>\n\t\t\t\t\t\t\t\t\t01067 Dresden, Alemania<br>\n\t\t\t\t\t\t\t\t\t<span class=\"vazpe-contact-note\">(Direcci\u00f3n de la oficina \u2013 no para correspondencia)<\/span>\n\t\t\t\t\t\t\t\t<\/span>\n\t\t\t\t\t\t\t<\/div>\n\t\t\t\t\t\t<\/div>\n\t\t\t\t\t<\/div>\n            <\/section>\n\n            <section class=\"vazpe-section\">\n                <h2 class=\"vazpe-title-lg\">Categor\u00edas de contacto<\/h2>\n                <div class=\"vazpe-grid vazpe-grid-3\">\n                    <div class=\"vazpe-card\">\n                        <h3 class=\"vazpe-title-md\">Atenci\u00f3n al cliente<\/h3>\n                        <p class=\"vazpe-text\">\n                            Preguntas sobre productos, problemas t\u00e9cnicos, reclamaciones de garant\u00eda y asistencia general con tus productos VAZPE.\n                        <\/p>\n                        <p class=\"vazpe-text\">\n                            <strong>Correo electr\u00f3nico:<\/strong> <a href=\"mailto:support@vazpe.com\">support@vazpe.com<\/a><br>\n                            <strong>Tiempo de respuesta:<\/strong> En un plazo de 24 horas\n                        <\/p>\n                    <\/div>\n                    <div class=\"vazpe-card\">\n                        <h3 class=\"vazpe-title-md\">Pedidos y env\u00edos<\/h3>\n                        <p class=\"vazpe-text\">\n                            Estado del pedido, consultas de env\u00edo, problemas de entrega e informaci\u00f3n de seguimiento para tus compras.\n                        <\/p>\n                        <p class=\"vazpe-text\">\n                            <strong>Correo electr\u00f3nico:<\/strong> <a href=\"mailto:support@vazpe.com\">support@vazpe.com<\/a><br>\n                            <strong>Asunto:<\/strong> \u00abConsulta de pedido &#8211; [Order Number]\u00bb\n                        <\/p>\n                    <\/div>\n                    <div class=\"vazpe-card\">\n                        <h3 class=\"vazpe-title-md\">Devoluciones y reembolsos<\/h3>\n                        <p class=\"vazpe-text\">\n                            Solicitudes de devoluci\u00f3n, tramitaci\u00f3n de reembolsos, procedimientos de cambio y consultas sobre reemplazo en garant\u00eda.\n                        <\/p>\n                        <p class=\"vazpe-text\">\n                            <strong>Correo electr\u00f3nico:<\/strong> <a href=\"mailto:support@vazpe.com\">support@vazpe.com<\/a><br>\n                            <strong>Asunto:<\/strong> \u00abSolicitud de devoluci\u00f3n &#8211; [Order Number]\u00bb\n                        <\/p>\n                    <\/div>\n\t\t\t\t<\/div>\n                <div class=\"vazpe-grid vazpe-grid-3\">\n                    <div class=\"vazpe-card\">\n                        <h3 class=\"vazpe-title-md\">Alianzas comerciales<\/h3>\n                        <p class=\"vazpe-text\">\n                            Consultas de venta al por mayor, alianzas de distribuci\u00f3n, alianzas con minoristas y colaboraciones B2B.\n                        <\/p>\n                        <p class=\"vazpe-text\">\n                            <strong>Correo electr\u00f3nico:<\/strong> <a href=\"mailto:support@vazpe.com\">support@vazpe.com<\/a><br>\n                            <strong>Asunto:<\/strong> \u00abConsulta de asociaci\u00f3n\u00bb\n                        <\/p>\n                    <\/div>\n                    <div class=\"vazpe-card\">\n                        <h3 class=\"vazpe-title-md\">Comentarios sobre el producto<\/h3>\n                        <p class=\"vazpe-text\">\n                            Rese\u00f1as de productos, sugerencias de mejora, nuevas ideas de producto y comentarios sobre la experiencia del usuario.\n                        <\/p>\n                        <p class=\"vazpe-text\">\n                            <strong>Correo electr\u00f3nico:<\/strong> <a href=\"mailto:support@vazpe.com\">support@vazpe.com<\/a><br>\n                            <strong>Asunto:<\/strong> \u00abComentarios sobre el producto\u00bb\n                        <\/p>\n                    <\/div>\n                    <div class=\"vazpe-card\">\n                        <h3 class=\"vazpe-title-md\">Medios y prensa<\/h3>\n                        <p class=\"vazpe-text\">\n                            Consultas de prensa, solicitudes de kit de medios, oportunidades de entrevista y propuestas de colaboraci\u00f3n con la marca.\n                        <\/p>\n                        <p class=\"vazpe-text\">\n                            <strong>Correo electr\u00f3nico:<\/strong> <a href=\"mailto:support@vazpe.com\">support@vazpe.com<\/a><br>\n                            <strong>Asunto:<\/strong> \u00abConsulta de prensa\u00bb\n                        <\/p>\n                    <\/div>\n                <\/div>\n            <\/section>\n\n            <section class=\"vazpe-section\">\n                <h2 class=\"vazpe-title-lg\">Antes de contactarnos<\/h2>\n                <p class=\"vazpe-text\">\n                    Para ayudarnos a atenderte mejor y ofrecer respuestas m\u00e1s r\u00e1pidas, revisa los recursos a continuaci\u00f3n para obtener respuestas inmediatas a preguntas frecuentes:\n                <\/p>\n                <div class=\"vazpe-grid vazpe-grid-2\">\n                    <div class=\"vazpe-card\">\n                        <h3 class=\"vazpe-title-md\">Preguntas frecuentes<\/h3>\n                        <p class=\"vazpe-text\">\n                            Nuestra secci\u00f3n completa de preguntas frecuentes cubre las dudas m\u00e1s comunes sobre productos, env\u00edos, devoluciones y m\u00e1s.\n                        <\/p>\n                        <p class=\"vazpe-text\">\n                            <a href=\"https:\/\/vazpeshop.com\/es\/faqs\/\" class=\"vazpe-btn vazpe-btn-secondary\">Ver preguntas frecuentes<\/a>\n                        <\/p>\n                    <\/div>\n                    <div class=\"vazpe-card\">\n                        <h3 class=\"vazpe-title-md\">Informaci\u00f3n de pol\u00edticas<\/h3>\n                        <p class=\"vazpe-text\">\n                            Revisa nuestras pol\u00edticas de env\u00edo, devoluciones, privacidad y t\u00e9rminos para obtener informaci\u00f3n detallada sobre nuestros procedimientos.\n                        <\/p>\n                        <p class=\"vazpe-text\">\n                            <a href=\"https:\/\/vazpeshop.com\/es\/shipping-policy\/\" class=\"vazpe-btn vazpe-btn-secondary\">Ver pol\u00edticas<\/a>\n                        <\/p>\n                    <\/div>\n                <\/div>\n            <\/section>\n\n            <section class=\"vazpe-section\">\n                <h2 class=\"vazpe-title-lg\">Al contactar con soporte<\/h2>\n                <div class=\"vazpe-highlight-box\">\n                    <h3 class=\"vazpe-title-md\">Ay\u00fadanos a ayudarte<\/h3>\n                    <p class=\"vazpe-text\">\n                        Para asegurarnos de poder ayudarte de manera eficiente, incluye la siguiente informaci\u00f3n en tu correo:\n                    <\/p>\n                    <ul class=\"vazpe-content-list\">\n                        <li><strong>N\u00famero de pedido:<\/strong> Si tu consulta se relaciona con una compra espec\u00edfica<\/li>\n                        <li><strong>Modelo del producto:<\/strong> El producto VAZPE espec\u00edfico sobre el que est\u00e1s preguntando<\/li>\n                        <li><strong>Descripci\u00f3n detallada:<\/strong> Explicaci\u00f3n clara de tu pregunta o problema<\/li>\n                        <li><strong>Fotos:<\/strong> Si aplica, incluye fotos para ayudarnos a entender la situaci\u00f3n<\/li>\n                        <li><strong>Preferencia de contacto:<\/strong> Ind\u00edcanos si prefieres comunicarte por correo o por tel\u00e9fono<\/li>\n                    <\/ul>\n                <\/div>\n            <\/section>\n\n            <section class=\"vazpe-section\">\n                <h2 class=\"vazpe-title-lg\">Horario de atenci\u00f3n al cliente<\/h2>\n                <div class=\"vazpe-grid vazpe-grid-2\">\n                    <div class=\"vazpe-card\">\n                        <h3 class=\"vazpe-title-md\">Soporte por correo electr\u00f3nico<\/h3>\n                        <p class=\"vazpe-text\">\n                            <strong>Disponibilidad:<\/strong> Monitoreo de correo 24\/7<br>\n                            <strong>Tiempo de respuesta:<\/strong> En un plazo de 24 horas en d\u00edas laborables<br>\n                            <strong>Idiomas:<\/strong> Ingl\u00e9s, alem\u00e1n\n                        <\/p>\n                    <\/div>\n                    <div class=\"vazpe-card\">\n                        <h3 class=\"vazpe-title-md\">Horario comercial<\/h3>\n                        <p class=\"vazpe-text\">\n                            <strong>Lunes &#8211; viernes:<\/strong> 9:00 AM &#8211; 6:00 PM (CET)<br>\n                            <strong>S\u00e1bado:<\/strong> 10:00 AM &#8211; 4:00 PM (CET)<br>\n                            <strong>Domingo:<\/strong> Cerrado\n                        <\/p>\n                    <\/div>\n                <\/div>\n            <\/section>\n\n            <section class=\"vazpe-section\">\n                <h2 class=\"vazpe-title-lg\">Clientes internacionales<\/h2>\n                <p class=\"vazpe-text\">\n                    VAZPE atiende a clientes en todo el mundo. Aunque nuestra sede se encuentra en Dresden, Alemania, ofrecemos soporte y env\u00edos internacionales a muchos pa\u00edses. Ten en cuenta que los tiempos de respuesta pueden variar seg\u00fan los husos horarios y los d\u00edas festivos locales.\n                <\/p>\n                <div class=\"vazpe-highlight-box\">\n                    <h3 class=\"vazpe-title-md\">Compromiso de soporte global<\/h3>\n                    <p class=\"vazpe-text\">\n                        Independientemente de tu ubicaci\u00f3n, estamos comprometidos a ofrecer el mismo alto nivel de servicio al cliente a todos nuestros clientes internacionales. Entendemos que distintos mercados pueden tener requisitos y normativas espec\u00edficas, y nuestro equipo conoce los procedimientos de env\u00edos internacionales y los requisitos aduaneros.\n                    <\/p>\n                <\/div>\n            <\/section>\n\n            <section class=\"vazpe-section\">\n                <h2 class=\"vazpe-title-lg\">Garant\u00eda de calidad<\/h2>\n                <p class=\"vazpe-text\">\n                    Tu satisfacci\u00f3n es nuestra prioridad. Supervisamos continuamente el rendimiento de nuestro servicio de atenci\u00f3n al cliente y buscamos mejorar nuestros procesos de soporte. Si consideras que tu consulta no se gestion\u00f3 de manera satisfactoria, no dudes en ponerte en contacto nuevamente con nosotros.\n                <\/p>\n                <div class=\"vazpe-grid vazpe-grid-3\">\n                    <div class=\"vazpe-card\">\n                        <h3 class=\"vazpe-title-md\">Compromiso de respuesta<\/h3>\n                        <p class=\"vazpe-text\">\n                            Garantizamos una respuesta inicial en un plazo de 24 horas para todas las consultas por correo recibidas durante los d\u00edas laborables.\n                        <\/p>\n                    <\/div>\n                    <div class=\"vazpe-card\">\n                        <h3 class=\"vazpe-title-md\">Enfoque en la resoluci\u00f3n<\/h3>\n                        <p class=\"vazpe-text\">\n                            Nuestro equipo trabaja con diligencia para resolver los problemas por completo en lugar de solo ofrecer soluciones temporales.\n                        <\/p>\n                    <\/div>\n                    <div class=\"vazpe-card\">\n                        <h3 class=\"vazpe-title-md\">Seguimiento posterior<\/h3>\n                        <p class=\"vazpe-text\">\n                            Damos seguimiento a los problemas resueltos para garantizar tu total satisfacci\u00f3n con nuestro servicio y productos.\n                        <\/p>\n                    <\/div>\n                <\/div>\n            <\/section>\n\n            <section class=\"vazpe-section\">\n                <div class=\"vazpe-highlight-box\">\n                    <h3 class=\"vazpe-title-md\">\u00bfListo para ponerte en contacto?<\/h3>\n                    <p class=\"vazpe-text\">\n                        Estamos aqu\u00ed para ayudarte y esperamos saber de ti. Ya sea que tengas una pregunta sencilla o necesites soporte integral, nuestro equipo est\u00e1 listo para asistirte con tu experiencia VAZPE.\n                    <\/p>\n                    <p class=\"vazpe-text vazpe-text-center\">\n                        <a href=\"mailto:support@vazpe.com\" class=\"vazpe-btn\">Enviar correo al equipo de soporte<\/a>\n                    <\/p>\n                <\/div>\n            <\/section>\n        <\/div>\n    <\/div>\n<\/div>\n","protected":false},"excerpt":{"rendered":"<p>Contacta con VAZPE Estamos aqu\u00ed para ayudarte con tus preguntas, inquietudes y comentarios Atenci\u00f3n al cliente Nuestro equipo de soporte<\/p>\n","protected":false},"author":1,"featured_media":0,"parent":0,"menu_order":0,"comment_status":"closed","ping_status":"closed","template":"","meta":{"footnotes":""},"class_list":["post-33909","page","type-page","status-publish","hentry"],"jetpack_sharing_enabled":true,"_links":{"self":[{"href":"https:\/\/vazpeshop.com\/es\/wp-json\/wp\/v2\/pages\/33909","targetHints":{"allow":["GET"]}}],"collection":[{"href":"https:\/\/vazpeshop.com\/es\/wp-json\/wp\/v2\/pages"}],"about":[{"href":"https:\/\/vazpeshop.com\/es\/wp-json\/wp\/v2\/types\/page"}],"author":[{"embeddable":true,"href":"https:\/\/vazpeshop.com\/es\/wp-json\/wp\/v2\/users\/1"}],"replies":[{"embeddable":true,"href":"https:\/\/vazpeshop.com\/es\/wp-json\/wp\/v2\/comments?post=33909"}],"version-history":[{"count":3,"href":"https:\/\/vazpeshop.com\/es\/wp-json\/wp\/v2\/pages\/33909\/revisions"}],"predecessor-version":[{"id":38749,"href":"https:\/\/vazpeshop.com\/es\/wp-json\/wp\/v2\/pages\/33909\/revisions\/38749"}],"wp:attachment":[{"href":"https:\/\/vazpeshop.com\/es\/wp-json\/wp\/v2\/media?parent=33909"}],"curies":[{"name":"wp","href":"https:\/\/api.w.org\/{rel}","templated":true}]}}