{"id":33913,"date":"2025-12-22T15:57:01","date_gmt":"2025-12-22T23:57:01","guid":{"rendered":"https:\/\/vazpeshop.com\/age-policy\/"},"modified":"2026-03-09T08:34:40","modified_gmt":"2026-03-09T16:34:40","slug":"age-policy","status":"publish","type":"page","link":"https:\/\/vazpeshop.com\/it\/age-policy\/","title":{"rendered":"Politica sull&#8217;et\u00e0"},"content":{"rendered":"\n<div class=\"vazpe-main\">\n    <div class=\"vazpe-container\">\n        <div class=\"vazpe-page-header\">\n            <h1 class=\"vazpe-title-xl\">Politica di verifica dell&#8217;et\u00e0<\/h1>\n            <p class=\"vazpe-text\">Ultimo aggiornamento: September 8, 2025<\/p>\n        <\/div>\n\n        <div class=\"vazpe-page-content\">\n            <section class=\"vazpe-section\">\n                <div class=\"vazpe-warning-box\">\n                    <h3 class=\"vazpe-title-md\">Solo per adulti &#8211; Et\u00e0 legale richiesta<\/h3>\n                    <p class=\"vazpe-text\">\n                        I prodotti VAZPE sono destinati esclusivamente ad adulti che abbiano l&#8217;et\u00e0 legale per acquistare e utilizzare prodotti per il vaping nella propria giurisdizione. Ci impegniamo a prevenire l&#8217;accesso ai nostri prodotti da parte dei minori attraverso misure complete di verifica dell&#8217;et\u00e0.\n                    <\/p>\n                <\/div>\n            <\/section>\n\n            <section class=\"vazpe-section\">\n                <h2 class=\"vazpe-title-lg\">Requisiti di et\u00e0 per regione<\/h2>\n                <p class=\"vazpe-text\">\n                    L&#8217;et\u00e0 minima per acquistare i prodotti VAZPE varia a seconda della giurisdizione. Devi soddisfare o superare il requisito di et\u00e0 legale nella tua localit\u00e0 per accedere al nostro sito web e acquistare i nostri prodotti.\n                <\/p>\n\n                <div>\n                    <table class=\"vazpe-table\">\n                        <thead>\n                            <tr>\n                                <th>Regione\/Paese<\/th>\n                                <th>Et\u00e0 minima<\/th>\n                                <th>Requisiti aggiuntivi<\/th>\n                                <th>Note speciali<\/th>\n                            <\/tr>\n                        <\/thead>\n                        <tbody>\n                            <tr>\n                                <td>Stati Uniti<\/td>\n                                <td>21 anni<\/td>\n                                <td>Conformit\u00e0 alla legge federale<\/td>\n                                <td>Firma di un adulto richiesta<\/td>\n                            <\/tr>\n                            <tr>\n                                <td>Canada<\/td>\n                                <td>18-19 anni<\/td>\n                                <td>Variazioni provinciali: Alberta (18), altre per lo pi\u00f9 (19)<\/td>\n                                <td>Firma di un adulto richiesta<\/td>\n\t\t\t\t\t\t\t<\/tr>\n                            <tr>\n                                <td>Australia<\/td>\n                                <td>18 anni<\/td>\n                                <td>ID valido richiesto per la consegna<\/td>\n                                <td>Firma di un adulto richiesta<\/td>\n\t\t\t\t\t\t\t<\/tr>\n                            <tr>\n                                <td>Unione Europea<\/td>\n                                <td>18 anni<\/td>\n                                <td>Conformit\u00e0 TPD, limite di nicotina 20mg\/ml<\/td>\n                                <td>Firma di un adulto richiesta<\/td>\n\t\t\t\t\t\t\t<\/tr>\n                            <tr>\n                                <td>Regno Unito<\/td>\n                                <td>18 anni<\/td>\n                                <td>ID valido richiesto per la consegna<\/td>\n                                <td>Firma di un adulto richiesta<\/td>\n\t\t\t\t\t\t\t<\/tr>\n                            <tr>\n                                <td>Nuova Zelanda<\/td>\n                                <td>18 anni<\/td>\n                                <td>Conformit\u00e0 allo Smokefree Environments Act<\/td>\n                                <td>Firma di un adulto richiesta<\/td>\n\t\t\t\t\t\t\t<\/tr>\n                            <tr>\n                                <td>Irlanda<\/td>\n                                <td>18 anni<\/td>\n                                <td>Conformit\u00e0 alle normative UE<\/td>\n                                <td>Firma di un adulto richiesta<\/td>\n                            <\/tr>\n                        <\/tbody>\n                    <\/table>\n                <\/div>\n\n                <div class=\"vazpe-highlight-box\">\n                    <h3 class=\"vazpe-title-md\">Avviso importante<\/h3>\n                    <p class=\"vazpe-text\">\n                        Se nella tua giurisdizione \u00e8 previsto un requisito di et\u00e0 minima pi\u00f9 elevato rispetto a quanto indicato qui, si applica il requisito di et\u00e0 pi\u00f9 alto. \u00c8 tua responsabilit\u00e0 assicurarti di soddisfare tutti i requisiti legali locali prima di acquistare i prodotti VAZPE.\n                    <\/p>\n                <\/div>\n            <\/section>\n\n            <section class=\"vazpe-section\">\n                <h2 class=\"vazpe-title-lg\">Processo di verifica dell&#8217;et\u00e0<\/h2>\n                <p class=\"vazpe-text\">\n                    VAZPE utilizza pi\u00f9 livelli di verifica dell&#8217;et\u00e0 per garantire la conformit\u00e0 alle leggi applicabili e per prevenire l&#8217;accesso ai nostri prodotti da parte dei minori.\n                <\/p>\n\n                <div class=\"vazpe-grid vazpe-grid-2\">\n                    <div class=\"vazpe-card\">\n                        <h3 class=\"vazpe-title-md\">Verifica dell&#8217;accesso al sito web<\/h3>\n                        <ul class=\"vazpe-content-list\">\n                            <li>Controllo dell&#8217;et\u00e0 alla prima visita del sito<\/li>\n                            <li>Verifica della data di nascita durante la creazione dell&#8217;account<\/li>\n                            <li>Cookie persistenti di verifica dell&#8217;et\u00e0<\/li>\n                            <li>Riverifica regolare per la sicurezza<\/li>\n                        <\/ul>\n                    <\/div>\n                    <div class=\"vazpe-card\">\n                        <h3 class=\"vazpe-title-md\">Verifica dell&#8217;acquisto<\/h3>\n                        <ul class=\"vazpe-content-list\">\n                            <li>Conferma dell&#8217;et\u00e0 durante il processo di checkout<\/li>\n                            <li>Verifica della carta di credito (solo adulti)<\/li>\n                            <li>Servizi di verifica dell&#8217;et\u00e0 di terze parti<\/li>\n                            <li>Verifica aggiuntiva per account sospetti<\/li>\n                        <\/ul>\n                    <\/div>\n                <\/div>\n\n                <h3 class=\"vazpe-title-md\">Verifica alla consegna<\/h3>\n                <p class=\"vazpe-text\">\n                    Tutte le spedizioni VAZPE richiedono la firma di un adulto alla consegna:\n                <\/p>\n                <ul class=\"vazpe-content-list\">\n                    <li><strong>Firma di un adulto richiesta:<\/strong> Una persona 18+ (o 21+ negli USA) deve firmare per il pacco<\/li>\n                    <li><strong>Documento d&#8217;identit\u00e0 con foto valido:<\/strong> Deve essere presentato al corriere un documento di identificazione rilasciato dal governo<\/li>\n                    <li><strong>Nessuna consegna tramite terzi:<\/strong> I pacchi non possono essere consegnati a minori in nessun caso<\/li>\n                    <li><strong>Accordi alternativi:<\/strong> Se non \u00e8 disponibile un adulto, i pacchi vengono trattenuti presso la sede del corriere per il ritiro<\/li>\n                <\/ul>\n            <\/section>\n\n            <section class=\"vazpe-section\">\n                <h2 class=\"vazpe-title-lg\">Forme di identificazione accettate<\/h2>\n                <p class=\"vazpe-text\">\n                    Per verificare la tua et\u00e0, accettiamo le seguenti forme di documento d&#8217;identit\u00e0 con foto rilasciato dal governo:\n                <\/p>\n\n                <div class=\"vazpe-grid vazpe-grid-3\">\n                    <div class=\"vazpe-card\">\n                        <h3 class=\"vazpe-title-md\">Documenti di identit\u00e0 principali<\/h3>\n                        <ul class=\"vazpe-content-list\">\n                            <li>Patente di guida<\/li>\n                            <li>Carta d&#8217;identit\u00e0 statale\/provinciale<\/li>\n                            <li>Passaporto<\/li>\n                            <li>Carta d&#8217;identit\u00e0 nazionale<\/li>\n                        <\/ul>\n                    <\/div>\n                    <div class=\"vazpe-card\">\n                        <h3 class=\"vazpe-title-md\">ID militare\/governativo<\/h3>\n                        <ul class=\"vazpe-content-list\">\n                            <li>Tesserino militare<\/li>\n                            <li>Tesserino del dipendente governativo<\/li>\n                            <li>Tesserino del veterano<\/li>\n                            <li>Documentazione governativa ufficiale<\/li>\n                        <\/ul>\n                    <\/div>\n                    <div class=\"vazpe-card\">\n                        <h3 class=\"vazpe-title-md\">Requisiti del documento<\/h3>\n                        <ul class=\"vazpe-content-list\">\n                            <li>Deve essere attuale e valido<\/li>\n                            <li>Deve includere una foto<\/li>\n                            <li>Deve mostrare la data di nascita<\/li>\n                            <li>Deve essere rilasciato da un&#8217;autorit\u00e0 governativa<\/li>\n                        <\/ul>\n                    <\/div>\n                <\/div>\n\n                <div class=\"vazpe-warning-box\">\n                    <h3 class=\"vazpe-title-md\">Forme di documento non accettate<\/h3>\n                    <p class=\"vazpe-text\">\n                        Non possiamo accettare documenti scaduti, fotocopie, immagini digitali, tessere studentesche, badge aziendali o qualsiasi identificazione non rilasciata dal governo ai fini della verifica dell&#8217;et\u00e0.\n                    <\/p>\n                <\/div>\n            <\/section>\n\n            <section class=\"vazpe-section\">\n                <h2 class=\"vazpe-title-lg\">Requisiti per la registrazione dell&#8217;account<\/h2>\n                <p class=\"vazpe-text\">\n                    Quando crei un account con VAZPE, devi fornire informazioni accurate sull&#8217;et\u00e0:\n                <\/p>\n\n                <div class=\"vazpe-grid vazpe-grid-2\">\n                    <div class=\"vazpe-card\">\n                        <h3 class=\"vazpe-title-md\">Informazioni richieste<\/h3>\n                        <ul class=\"vazpe-content-list\">\n                            <li>Nome legale completo (corrispondente al documento)<\/li>\n                            <li>Data di nascita<\/li>\n                            <li>Indirizzo email valido<\/li>\n                            <li>Indirizzo di fatturazione<\/li>\n                            <li>Numero di telefono (per la verifica)<\/li>\n                        <\/ul>\n                    <\/div>\n                    <div class=\"vazpe-card\">\n                        <h3 class=\"vazpe-title-md\">Processo di verifica<\/h3>\n                        <ul class=\"vazpe-content-list\">\n                            <li>Calcolo immediato dell&#8217;et\u00e0<\/li>\n                            <li>Confronto incrociato con database di terze parti<\/li>\n                            <li>Verifica email richiesta<\/li>\n                            <li>Verifica aggiuntiva se vengono riscontrate discrepanze<\/li>\n                        <\/ul>\n                    <\/div>\n                <\/div>\n            <\/section>\n\n            <section class=\"vazpe-section\">\n                <h2 class=\"vazpe-title-lg\">Privacy e protezione dei dati<\/h2>\n                <p class=\"vazpe-text\">\n                    Sappiamo che la verifica dell&#8217;et\u00e0 richiede informazioni personali sensibili. VAZPE si impegna a proteggere la tua privacy durante l&#8217;intero processo di verifica:\n                <\/p>\n\n                <h3 class=\"vazpe-title-md\">Misure di sicurezza dei dati<\/h3>\n                <ul class=\"vazpe-content-list\">\n                    <li><strong>Trasmissione sicura:<\/strong> Tutti i dati trasmessi utilizzano la crittografia SSL\/TLS<\/li>\n                    <li><strong>Accesso limitato:<\/strong> I dati di verifica dell&#8217;et\u00e0 sono accessibili solo al personale autorizzato<\/li>\n                    <li><strong>Sicurezza di terze parti:<\/strong> I partner di verifica rispettano rigorosi standard di sicurezza<\/li>\n                    <li><strong>Conservazione dei dati:<\/strong> Le informazioni personali vengono conservate solo per il tempo necessario<\/li>\n                <\/ul>\n\n                <h3 class=\"vazpe-title-md\">Utilizzo delle informazioni di verifica<\/h3>\n                <p class=\"vazpe-text\">\n                    Le informazioni raccolte ai fini della verifica dell&#8217;et\u00e0 vengono utilizzate esclusivamente per:\n                <\/p>\n                <ul class=\"vazpe-content-list\">\n                    <li>Confermare l&#8217;idoneit\u00e0 all&#8217;acquisto di prodotti per il vaping<\/li>\n                    <li>Conformit\u00e0 alle leggi e ai regolamenti applicabili<\/li>\n                    <li>Prevenire l&#8217;accesso ai nostri prodotti da parte dei minori<\/li>\n                    <li>Sicurezza dell&#8217;account e prevenzione delle frodi<\/li>\n                <\/ul>\n            <\/section>\n\n            <section class=\"vazpe-section\">\n                <h2 class=\"vazpe-title-lg\">Conseguenze della falsa dichiarazione dell&#8217;et\u00e0<\/h2>\n                <div class=\"vazpe-warning-box\">\n                    <h3 class=\"vazpe-title-md\">Gravi violazioni legali e delle policy<\/h3>\n                    <p class=\"vazpe-text\">\n                        Fornire informazioni false sull&#8217;et\u00e0 o tentare di aggirare i sistemi di verifica dell&#8217;et\u00e0 costituisce una grave violazione dei nostri termini di servizio e pu\u00f2 violare le leggi applicabili.\n                    <\/p>\n                <\/div>\n\n                <h3 class=\"vazpe-title-md\">Possibili conseguenze<\/h3>\n                <ul class=\"vazpe-content-list\">\n                    <li><strong>Chiusura dell&#8217;account:<\/strong> Sospensione dell&#8217;account immediata e permanente<\/li>\n                    <li><strong>Annullamento dell&#8217;ordine:<\/strong> Tutti gli ordini in sospeso saranno annullati e rimborsati<\/li>\n                    <li><strong>Azione legale:<\/strong> Le violazioni possono essere segnalate alle autorit\u00e0 competenti<\/li>\n                    <li><strong>Accesso vietato:<\/strong> Divieto permanente dal sito web e dai servizi VAZPE<\/li>\n                    <li><strong>Nessun acquisto futuro:<\/strong> Impossibilit\u00e0 di creare nuovi account o effettuare acquisti futuri<\/li>\n                <\/ul>\n            <\/section>\n\n            <section class=\"vazpe-section\">\n                <h2 class=\"vazpe-title-lg\">Responsabilit\u00e0 dei genitori<\/h2>\n                <p class=\"vazpe-text\">\n                    Sebbene VAZPE implementi misure complete di verifica dell&#8217;et\u00e0, riconosciamo che genitori e tutori svolgono un ruolo cruciale nel prevenire l&#8217;accesso ai prodotti per il vaping da parte dei minori.\n                <\/p>\n\n                <div class=\"vazpe-grid vazpe-grid-2\">\n                    <div class=\"vazpe-card\">\n                        <h3 class=\"vazpe-title-md\">Responsabilit\u00e0 di genitori\/tutori<\/h3>\n                        <ul class=\"vazpe-content-list\">\n                            <li>Monitorare l&#8217;uso di Internet e l&#8217;accesso ai siti web<\/li>\n                            <li>Educare sui pericoli del vaping tra i minori<\/li>\n                            <li>Proteggere i metodi di pagamento e le informazioni personali<\/li>\n                            <li>Segnalare tentativi sospetti di accesso da parte di minori<\/li>\n                        <\/ul>\n                    <\/div>\n                    <div class=\"vazpe-card\">\n                        <h3 class=\"vazpe-title-md\">Se sospetti un accesso da parte di minori<\/h3>\n                        <ul class=\"vazpe-content-list\">\n                            <li>Contattaci immediatamente via email<\/li>\n                            <li>Fornisci i dettagli della presunta violazione<\/li>\n                            <li>Indagheremo e adotteremo le azioni appropriate<\/li>\n                            <li>Valuta controlli parentali aggiuntivi sui dispositivi<\/li>\n                        <\/ul>\n                    <\/div>\n                <\/div>\n            <\/section>\n\n            <section class=\"vazpe-section\">\n                <h2 class=\"vazpe-title-lg\">Conformit\u00e0 e quadro normativo<\/h2>\n                <p class=\"vazpe-text\">\n                    Le politiche di verifica dell&#8217;et\u00e0 di VAZPE sono progettate per conformarsi a vari quadri normativi:\n                <\/p>\n\n                <h3 class=\"vazpe-title-md\">Conformit\u00e0 normativa<\/h3>\n                <ul class=\"vazpe-content-list\">\n                    <li><strong>Direttiva UE sui prodotti del tabacco (TPD):<\/strong> Requisiti completi di verifica dell&#8217;et\u00e0<\/li>\n                    <li><strong>Normative federali USA:<\/strong> Obblighi di verifica dell&#8217;et\u00e0 FDA e a livello statale<\/li>\n                    <li><strong>Canadian Tobacco and Vaping Products Act:<\/strong> Requisiti provinciali di verifica dell&#8217;et\u00e0<\/li>\n                    <li><strong>Australian Therapeutic Goods Administration:<\/strong> Verifica dell&#8217;et\u00e0 per prodotti a base di nicotina<\/li>\n                    <li><strong>Giurisdizioni locali:<\/strong> Requisiti municipali e regionali aggiuntivi<\/li>\n                <\/ul>\n\n                <h3 class=\"vazpe-title-md\">Monitoraggio continuo della conformit\u00e0<\/h3>\n                <p class=\"vazpe-text\">\n                    Monitoriamo continuamente i cambiamenti normativi e aggiorniamo i nostri processi di verifica dell&#8217;et\u00e0 per mantenere la conformit\u00e0:\n                <\/p>\n                <ul class=\"vazpe-content-list\">\n                    <li>Revisione regolare delle leggi e dei regolamenti applicabili<\/li>\n                    <li>Aggiornamenti ai processi di verifica come richiesto<\/li>\n                    <li>Formazione del personale sui requisiti di conformit\u00e0<\/li>\n                    <li>Collaborazione con le autorit\u00e0 di regolamentazione quando appropriato<\/li>\n                <\/ul>\n            <\/section>\n\n            <section class=\"vazpe-section\">\n                <h2 class=\"vazpe-title-lg\">Misure tecniche di verifica dell&#8217;et\u00e0<\/h2>\n                <p class=\"vazpe-text\">\n                    Oltre alla verifica manuale, VAZPE impiega misure tecniche avanzate per prevenire l&#8217;accesso da parte dei minori:\n                <\/p>\n\n                <div class=\"vazpe-grid vazpe-grid-3\">\n                    <div class=\"vazpe-card\">\n                        <h3 class=\"vazpe-title-md\">Sicurezza del sito web<\/h3>\n                        <ul class=\"vazpe-content-list\">\n                            <li>Controllo dell&#8217;et\u00e0 sulla homepage<\/li>\n                            <li>Verifica dell&#8217;et\u00e0 basata sulla sessione<\/li>\n                            <li>Tracciamento dell&#8217;et\u00e0 basato su cookie<\/li>\n                            <li>Richieste di verifica regolari<\/li>\n                        <\/ul>\n                    <\/div>\n                    <div class=\"vazpe-card\">\n                        <h3 class=\"vazpe-title-md\">Sicurezza dell&#8217;account<\/h3>\n                        <ul class=\"vazpe-content-list\">\n                            <li>Autenticazione a pi\u00f9 fattori<\/li>\n                            <li>Monitoraggio delle attivit\u00e0 sospette<\/li>\n                            <li>Verifica regolare dell&#8217;account<\/li>\n                            <li>Rilevamento automatico delle frodi<\/li>\n                        <\/ul>\n                    <\/div>\n                    <div class=\"vazpe-card\">\n                        <h3 class=\"vazpe-title-md\">Controlli sugli acquisti<\/h3>\n                        <ul class=\"vazpe-content-list\">\n                            <li>Verifica del metodo di pagamento<\/li>\n                            <li>Validazione dell&#8217;indirizzo di fatturazione<\/li>\n                            <li>Analisi dei modelli d&#8217;ordine<\/li>\n                            <li>Verifica aggiuntiva basata sul rischio<\/li>\n                        <\/ul>\n                    <\/div>\n                <\/div>\n            <\/section>\n\n            <section class=\"vazpe-section\">\n                <h2 class=\"vazpe-title-lg\">Segnalazione delle violazioni<\/h2>\n                <div class=\"vazpe-highlight-box\">\n                    <h3 class=\"vazpe-title-md\">Aiutaci a prevenire l&#8217;accesso da parte dei minori<\/h3>\n                    <p class=\"vazpe-text\">\n                        Se sospetti che qualcuno stia tentando di aggirare i nostri sistemi di verifica dell&#8217;et\u00e0 o se hai preoccupazioni riguardo l&#8217;accesso da parte di minori ai prodotti VAZPE, ti preghiamo di segnalarlo immediatamente.\n                    <\/p>\n                    <div class=\"vazpe-contact-info\">\n                        <div class=\"vazpe-contact-item\">\n                            <span class=\"vazpe-contact-label\">Email:<\/span>\n                            <span class=\"vazpe-contact-value\"><a href=\"mailto:support@vazpe.com\">support@vazpe.com<\/a><\/span>\n                        <\/div>\n                        <div class=\"vazpe-contact-item\">\n                            <span class=\"vazpe-contact-label\">Oggetto:<\/span>\n                            <span class=\"vazpe-contact-value\">&#8220;URGENTE: Segnalazione violazione verifica dell&#8217;et\u00e0&#8221;<\/span>\n                        <\/div>\n                        <div class=\"vazpe-contact-item\">\n                            <span class=\"vazpe-contact-label\">Includere:<\/span>\n                            <span class=\"vazpe-contact-value\">Dettagli sulla presunta violazione, informazioni sull&#8217;account se note e qualsiasi prova a supporto<\/span>\n                        <\/div>\n                    <\/div>\n                <\/div>\n            <\/section>\n\n            <section class=\"vazpe-section\">\n                <h2 class=\"vazpe-title-lg\">Aggiornamenti della policy<\/h2>\n                <p class=\"vazpe-text\">\n                    Questa Politica di verifica dell&#8217;et\u00e0 pu\u00f2 essere aggiornata periodicamente per riflettere cambiamenti nelle leggi, nei regolamenti o nelle nostre procedure di verifica. Le modifiche significative saranno comunicate agli utenti tramite:\n                <\/p>\n                <ul class=\"vazpe-content-list\">\n                    <li>Notifiche email agli utenti registrati<\/li>\n                    <li>Annunci sul sito web<\/li>\n                    <li>Indicazione della data di aggiornamento della policy<\/li>\n                    <li>Visualizzazione ben visibile delle modifiche<\/li>\n                <\/ul>\n            <\/section>\n\n            <section class=\"vazpe-section\">\n                <div class=\"vazpe-highlight-box\">\n                    <h3 class=\"vazpe-title-md\">Impegno per un business responsabile<\/h3>\n                    <p class=\"vazpe-text\">\n                        VAZPE si impegna a operare come un&#8217;azienda responsabile nel settore del vaping. Le nostre misure complete di verifica dell&#8217;et\u00e0 riflettono la nostra dedizione a prevenire l&#8217;accesso da parte dei minori, servendo al contempo clienti adulti che scelgono di utilizzare i nostri prodotti.\n                    <\/p>\n                    <p class=\"vazpe-text vazpe-text-center\">\n                        <a href=\"https:\/\/vazpeshop.com\/it\/contact-us\/\" class=\"vazpe-btn vazpe-btn-secondary\">Contatta l&#8217;assistenza<\/a>\n                    <\/p>\n                <\/div>\n            <\/section>\n        <\/div>\n    <\/div>\n<\/div>\n","protected":false},"excerpt":{"rendered":"<p>Politica di verifica dell&#8217;et\u00e0 Ultimo aggiornamento: September 8, 2025 Solo per adulti &#8211; Et\u00e0 legale richiesta I prodotti VAZPE sono<\/p>\n","protected":false},"author":1,"featured_media":0,"parent":0,"menu_order":0,"comment_status":"closed","ping_status":"closed","template":"","meta":{"footnotes":""},"class_list":["post-33913","page","type-page","status-publish","hentry"],"jetpack_sharing_enabled":true,"_links":{"self":[{"href":"https:\/\/vazpeshop.com\/it\/wp-json\/wp\/v2\/pages\/33913","targetHints":{"allow":["GET"]}}],"collection":[{"href":"https:\/\/vazpeshop.com\/it\/wp-json\/wp\/v2\/pages"}],"about":[{"href":"https:\/\/vazpeshop.com\/it\/wp-json\/wp\/v2\/types\/page"}],"author":[{"embeddable":true,"href":"https:\/\/vazpeshop.com\/it\/wp-json\/wp\/v2\/users\/1"}],"replies":[{"embeddable":true,"href":"https:\/\/vazpeshop.com\/it\/wp-json\/wp\/v2\/comments?post=33913"}],"version-history":[{"count":3,"href":"https:\/\/vazpeshop.com\/it\/wp-json\/wp\/v2\/pages\/33913\/revisions"}],"predecessor-version":[{"id":38756,"href":"https:\/\/vazpeshop.com\/it\/wp-json\/wp\/v2\/pages\/33913\/revisions\/38756"}],"wp:attachment":[{"href":"https:\/\/vazpeshop.com\/it\/wp-json\/wp\/v2\/media?parent=33913"}],"curies":[{"name":"wp","href":"https:\/\/api.w.org\/{rel}","templated":true}]}}