{"id":34447,"date":"2025-12-27T13:10:32","date_gmt":"2025-12-27T21:10:32","guid":{"rendered":"https:\/\/vazpeshop.com\/products\/vazpe-ultra-40000-puffs-disposable-vape-strawberry-watermelon-and-kiwi-passion-fruit-guava\/"},"modified":"2026-03-09T08:16:45","modified_gmt":"2026-03-09T16:16:45","slug":"vazpe-ultra-40000-puffs-disposable-vape-strawberry-watermelon-and-kiwi-passion-fruit-guava","status":"publish","type":"product","link":"https:\/\/vazpeshop.com\/it\/products\/vazpe-ultra-40000-puffs-disposable-vape-strawberry-watermelon-and-kiwi-passion-fruit-guava\/","title":{"rendered":"VAZPE Ultra 40000 tiri Vape monouso \u2013 Sistema a doppio gusto con display LED intelligente"},"content":{"rendered":"<div class=\"vazpe-stats-v2\">\n<div class=\"vazpe-stat-card-v2\"><span class=\"vazpe-stat-number-v2\">40K<\/span><span class=\"vazpe-stat-label-v2\">Tiri estesi<\/span><\/div>\n<div class=\"vazpe-stat-card-v2\"><span class=\"vazpe-stat-number-v2\">36ml<\/span><span class=\"vazpe-stat-label-v2\">Capacit\u00e0 di liquido<\/span><\/div>\n<div class=\"vazpe-stat-card-v2\"><span class=\"vazpe-stat-number-v2\">850mAh<\/span><span class=\"vazpe-stat-label-v2\">Potenza della batteria<\/span><\/div>\n<div class=\"vazpe-stat-card-v2\"><span class=\"vazpe-stat-number-v2\">10+<\/span><span class=\"vazpe-stat-label-v2\">Doppi aromi<\/span><\/div>\n<\/div>\n<div class=\"vazpe-container-v2\">\n<div class=\"vazpe-content-section-v2\">\n<p class=\"vazpe-description-v2\"><strong>VAZPE Ultra 40K<\/strong> offre prestazioni eccezionali con <strong>40,000 tiri<\/strong>, <strong>scomparti a doppio aroma<\/strong> e l\u2019avanzata <strong>tecnologia a quattro coil mesh<\/strong>. Vivi la massima personalizzazione con impostazioni di potenza regolabili e monitoraggio dello stato in tempo reale per uno svapo personale senza pari.<\/p>\n<\/div>\n<h2 class=\"vazpe-section-title-v2\">Specifiche tecniche<\/h2>\n<table class=\"vazpe-tech-table-v2\">\n<tbody>\n<tr>\n<th>Nome prodotto<\/th>\n<td>VAZPE Ultra 40K<\/td>\n<\/tr>\n<tr>\n<th>Numero totale di tiri<\/th>\n<td>40,000 Tiri<\/td>\n<\/tr>\n<tr>\n<th>Capacit\u00e0 di liquido<\/th>\n<td>36ml (Doppi scomparti)<\/td>\n<\/tr>\n<tr>\n<th>Concentrazione di nicotina<\/th>\n<td>2% (Se hai bisogno di altre opzioni, contattaci)<\/td>\n<\/tr>\n<tr>\n<th>Capacit\u00e0 della batteria<\/th>\n<td>850mAh Ricaricabile<\/td>\n<\/tr>\n<tr>\n<th>Porta di ricarica<\/th>\n<td>Type-C<\/td>\n<\/tr>\n<tr>\n<th>Tecnologia coil<\/th>\n<td>Quattro coil mesh<\/td>\n<\/tr>\n<tr>\n<th>Controllo potenza<\/th>\n<td>Impostazioni di potenza regolabili<\/td>\n<\/tr>\n<tr>\n<th>Sistema display<\/th>\n<td>Ampio schermo dinamico con doppio display di liquido &amp; batteria<\/td>\n<\/tr>\n<tr>\n<th>Funzioni di sicurezza<\/th>\n<td>Protezione con blocco bambino<\/td>\n<\/tr>\n<tr>\n<th>Modalit\u00e0 di tiro<\/th>\n<td>Modalit\u00e0 di tiro singola &amp; doppia<\/td>\n<\/tr>\n<tr>\n<th>Finitura superficie<\/th>\n<td>Stampa UV con cambio aroma<\/td>\n<\/tr>\n<tr>\n<th>Modello batteria<\/th>\n<td>16350<\/td>\n<\/tr>\n<\/tbody>\n<\/table>\n<h2 class=\"vazpe-section-title-v2\">Perch\u00e9 gli utenti scelgono Ultra 40K<\/h2>\n<div class=\"vazpe-feature-grid-v2\">\n<div class=\"vazpe-feature-v2\">\n<h3 class=\"vazpe-feature-title-v2\">Prestazioni al massimo<\/h3>\n<p class=\"vazpe-feature-text-v2\">40,000 tiri offrono un utilizzo prolungato con prestazioni affidabili, rendendolo ideale per gli utenti che cercano uno svapo personale di lunga durata.<\/p>\n<\/div>\n<div class=\"vazpe-feature-v2\">\n<h3 class=\"vazpe-feature-title-v2\">Esperienza a doppio aroma<\/h3>\n<p class=\"vazpe-feature-text-v2\">Due scomparti aroma separati permettono agli utenti di gustare aromi diversi contemporaneamente oppure alternarli per avere pi\u00f9 variet\u00e0.<\/p>\n<\/div>\n<div class=\"vazpe-feature-v2\">\n<h3 class=\"vazpe-feature-title-v2\">Tecnologia mesh avanzata<\/h3>\n<p class=\"vazpe-feature-text-v2\">Quattro coil mesh assicurano un\u2019erogazione dell\u2019aroma morbida e costante e una produzione di vapore ottimale per tutta la durata del dispositivo.<\/p>\n<\/div>\n<div class=\"vazpe-feature-v2\">\n<h3 class=\"vazpe-feature-title-v2\">Monitoraggio intelligente<\/h3>\n<p class=\"vazpe-feature-text-v2\">L\u2019ampio schermo dinamico con doppio display di liquido e batteria fornisce aggiornamenti di stato in tempo reale per entrambi gli scomparti aroma.<\/p>\n<\/div>\n<\/div>\n<h2 class=\"vazpe-section-title-v2\">Selezione premium di doppi aromi<\/h2>\n<div class=\"vazpe-flavors-v2\">\n<div class=\"vazpe-flavor-grid-v2\">\n<div class=\"vazpe-flavor-item-v2\">Fragola Anguria \u21c4 Kiwi Frutto della Passione Guava<\/div>\n<div class=\"vazpe-flavor-item-v2\">Mirtillo Lampone \u21c4 Pesca Mango Anguria<\/div>\n<div class=\"vazpe-flavor-item-v2\">Orsetto gommoso Blue Razz \u21c4 Fragola Kiwi<\/div>\n<div class=\"vazpe-flavor-item-v2\">Blue Razz Ciliegia \u21c4 Fragola Lampone<\/div>\n<div class=\"vazpe-flavor-item-v2\">Limone frizzante &#038; Lime \u21c4 Anguria Menta fresca<\/div>\n<div class=\"vazpe-flavor-item-v2\">Anguria Ghiaccio \u21c4 Blue Razz Ghiaccio<\/div>\n<div class=\"vazpe-flavor-item-v2\">Blue Razz Ananas \u21c4 Triplo Mango<\/div>\n<div class=\"vazpe-flavor-item-v2\">Uva Esplosione di frutti di bosco \u21c4 Pera Mela Lampone<\/div>\n<div class=\"vazpe-flavor-item-v2\">Fragola Mirtillo rosso Ciliegia \u21c4 Ananas Frutto della Passione Lime<\/div>\n<div class=\"vazpe-flavor-item-v2\">Mirtillo Fragola Mentolo \u21c4 Mirtillo Lampone Mentolo<\/div>\n<\/div>\n<\/div>\n<h2 class=\"vazpe-section-title-v2\">Vantaggi d\u2019uso<\/h2>\n<div class=\"vazpe-content-section-v2\">\n<ul class=\"vazpe-benefits-list-v2\">\n<li><strong>Prestazioni prolungate<\/strong> &#8211; 40,000 tiri offrono un utilizzo di lunga durata senza frequenti cambi di dispositivo<\/li>\n<li><strong>Esperienza a doppio aroma<\/strong> &#8211; Due scomparti separati consentono variet\u00e0 di aromi e opzioni di cambio<\/li>\n<li><strong>Tecnologia avanzata<\/strong> &#8211; Quattro coil mesh garantiscono un\u2019erogazione dell\u2019aroma costante e una produzione di vapore ottimale<\/li>\n<li><strong>Monitoraggio smart<\/strong> &#8211; L\u2019ampio schermo dinamico fornisce lo stato in tempo reale per entrambi gli scomparti aroma<\/li>\n<li><strong>Esperienza personalizzabile<\/strong> &#8211; Impostazioni di potenza regolabili e modalit\u00e0 di tiro singola\/doppia per un utilizzo personalizzato<\/li>\n<li><strong>Sicurezza migliorata<\/strong> &#8211; La protezione con blocco bambino previene attivazioni accidentali per la massima tranquillit\u00e0<\/li>\n<\/ul>\n<\/div>\n<h2 class=\"vazpe-section-title-v2\">Galleria prodotto<\/h2>\n<div style=\"text-align: center;\"><img decoding=\"async\" class=\"aligncenter size-full wp-image-7373\" src=\"https:\/\/vazpe.com\/wp-content\/uploads\/2025\/10\/Vazpe-Ultra-40K-Puffs-All-Flvor-Des3.jpg\" alt=\"Vazpe Ultra 40K Puffs All Flvor Des3\" width=\"1920\" height=\"1080\" \/><\/div>\n<h2 class=\"vazpe-section-title-v2\">Cosa dicono gli utenti<\/h2>\n<div class=\"vazpe-review-grid-v2\">\n<div class=\"vazpe-review-v2\">\n<div class=\"vazpe-review-stars-v2\">\u2605\u2605\u2605\u2605\u2605<\/div>\n<div class=\"vazpe-review-text-v2\">&#8220;Il sistema a doppio aroma \u00e8 rivoluzionario &#8211; posso passare da aromi fruttati a mentolati durante la giornata. Il conteggio di 40,000 tiri significa che questo dispositivo mi dura settimane.&#8221;<\/div>\n<div class=\"vazpe-review-author-v2\">&#8211; Michael B., Acquirente verificato<\/div>\n<\/div>\n<div class=\"vazpe-review-v2\">\n<div class=\"vazpe-review-stars-v2\">\u2605\u2605\u2605\u2605\u2605<\/div>\n<div class=\"vazpe-review-text-v2\">&#8220;Adoro l\u2019ampio schermo che mostra entrambi i livelli degli aromi. La potenza regolabile mi permette di personalizzare perfettamente l\u2019intensit\u00e0. La qualit\u00e0 costruttiva sembra premium e resistente.&#8221;<\/div>\n<div class=\"vazpe-review-author-v2\">&#8211; Jennifer L., Acquirente verificato<\/div>\n<\/div>\n<div class=\"vazpe-review-v2\">\n<div class=\"vazpe-review-stars-v2\">\u2605\u2605\u2605\u2605\u2605<\/div>\n<div class=\"vazpe-review-text-v2\">&#8220;Autonomia della batteria incredibile &#8211; gli 850mAh reggono anche con un uso intenso. Le quattro coil mesh offrono un vapore cos\u00ec morbido. Perfetto per chi vuole variet\u00e0 senza pi\u00f9 dispositivi.&#8221;<\/div>\n<div class=\"vazpe-review-author-v2\">&#8211; Robert C., Acquirente verificato<\/div>\n<\/div>\n<\/div>\n<div class=\"vazpe-disclaimer-v2\"><strong>Avviso importante:<\/strong> Questo prodotto \u00e8 destinato esclusivamente all\u2019uso da parte di adulti. Non in vendita ai minori. Tenere fuori dalla portata di bambini e animali domestici. Solo per uso adulto in conformit\u00e0 con le normative locali. Alla consegna \u00e8 richiesta la firma di un adulto.<\/div>\n<\/div>\n","protected":false},"excerpt":{"rendered":"<p>40KTiri estesi 36mlCapacit\u00e0 di liquido 850mAhPotenza della batteria 10+Doppi aromi VAZPE Ultra 40K offre prestazioni eccezionali con 40,000 tiri, scomparti<\/p>\n","protected":false},"featured_media":33200,"comment_status":"open","ping_status":"closed","template":"","meta":[],"product_brand":[910],"product_cat":[580,395],"product_tag":[581,582,583,584,400],"class_list":{"0":"post-34447","1":"product","2":"type-product","3":"status-publish","4":"has-post-thumbnail","6":"product_brand-vazpe-it-200","7":"product_cat-ultra-40k","8":"product_cat-vazpe","9":"product_tag-40k","10":"product_tag-40k-puffs","11":"product_tag-ultra","12":"product_tag-ultra-40k","13":"product_tag-vazpe","15":"first","16":"instock","17":"sale","18":"shipping-taxable","19":"product-type-grouped"},"jetpack_sharing_enabled":true,"_links":{"self":[{"href":"https:\/\/vazpeshop.com\/it\/wp-json\/wp\/v2\/product\/34447","targetHints":{"allow":["GET"]}}],"collection":[{"href":"https:\/\/vazpeshop.com\/it\/wp-json\/wp\/v2\/product"}],"about":[{"href":"https:\/\/vazpeshop.com\/it\/wp-json\/wp\/v2\/types\/product"}],"replies":[{"embeddable":true,"href":"https:\/\/vazpeshop.com\/it\/wp-json\/wp\/v2\/comments?post=34447"}],"version-history":[{"count":3,"href":"https:\/\/vazpeshop.com\/it\/wp-json\/wp\/v2\/product\/34447\/revisions"}],"predecessor-version":[{"id":38530,"href":"https:\/\/vazpeshop.com\/it\/wp-json\/wp\/v2\/product\/34447\/revisions\/38530"}],"wp:featuredmedia":[{"embeddable":true,"href":"https:\/\/vazpeshop.com\/it\/wp-json\/wp\/v2\/media\/33200"}],"wp:attachment":[{"href":"https:\/\/vazpeshop.com\/it\/wp-json\/wp\/v2\/media?parent=34447"}],"wp:term":[{"taxonomy":"product_brand","embeddable":true,"href":"https:\/\/vazpeshop.com\/it\/wp-json\/wp\/v2\/product_brand?post=34447"},{"taxonomy":"product_cat","embeddable":true,"href":"https:\/\/vazpeshop.com\/it\/wp-json\/wp\/v2\/product_cat?post=34447"},{"taxonomy":"product_tag","embeddable":true,"href":"https:\/\/vazpeshop.com\/it\/wp-json\/wp\/v2\/product_tag?post=34447"}],"curies":[{"name":"wp","href":"https:\/\/api.w.org\/{rel}","templated":true}]}}